{"id":75,"date":"2014-06-02T15:22:59","date_gmt":"2014-06-02T15:22:59","guid":{"rendered":"http:\/\/wp.perlduekkers-seefahrt.de\/?page_id=75"},"modified":"2018-06-02T09:52:11","modified_gmt":"2018-06-02T09:52:11","slug":"seefahrt-1966-pur-und-ohne-schnoerkel","status":"publish","type":"page","link":"https:\/\/perlduekkers-seefahrt.de\/?page_id=75","title":{"rendered":"SEEFAHRT 1966 PUR UND OHNE SCHNOERKEL"},"content":{"rendered":"<p><img loading=\"lazy\" class=\"alignnone size-full wp-image-102\" alt=\"pur\" src=\"https:\/\/wp.perlduekkers-seefahrt.de\/wp-content\/uploads\/2014\/06\/pur.jpg\" width=\"353\" height=\"500\" srcset=\"https:\/\/perlduekkers-seefahrt.de\/wp-content\/uploads\/2014\/06\/pur.jpg 353w, https:\/\/perlduekkers-seefahrt.de\/wp-content\/uploads\/2014\/06\/pur-211x300.jpg 211w\" sizes=\"(max-width: 353px) 100vw, 353px\" \/><\/p>\n<p style=\"text-align: justify;\">SEEFAHRT 1966 PUR UND OHNE SCHNOERKEL ist das erste Buch, dass ich ver\u00f6ffentlicht habe.\u00a0Meine Freunde und Verwandte waren der Meinung, nachdem ich auf irgendeiner Feier, wieder einmal eine Story aus der Seefahrt zum Besten gegeben hatte: Mensch, schreib doch alles mal auf und versuche ein Buch davon zu machen.\u00a0Diesen Gedanken habe ich aufgegriffen und so kam ich zum Schreiben.\u00a0Mein Buch beschreibt das Arbeitsleben des Decksmannes Fiete im Jahre 1966 auf einem Tanker der Reederei Essberger auf der &#8222;ELSA ESSBERGER&#8220;. Es erz\u00e4hlt, wie der Decksmann Fiete zur Seefahrt kam und seine erste Reise antrat, von Hamburg in die Karibik (Aruba) und zur\u00fcck.\u00a0Alles was sich an Bord in diesem Zeitraum von anderthalb Monaten zugetragen hatte, ob es die fliegenden Fische waren, die er zum erstenmal in seinenem jungen Leben sah oder die fremdartigen Ger\u00fcche der Karibik oder aber die vielf\u00e4ltigen anderen Eindr\u00fccke die auf ihn einst\u00fcrmten. All das wird in meinem Buch auf 268 Seiten wiedergegeben.\u00a0Mit den nachfolgend aufgef\u00fchrten Zeilen zitiere ich die Worte aus dem Klappentext von &#8222;SEEFAHRT 1966 PUR UND OHNE SCHNOERKEL&#8220;<\/p>\n<p style=\"text-align: justify;\">Seefahrt 1966, meistens etwas malochen und sehr oft Maul halten.\u00a0Beim verlassen des englischen Kanals, auf der H\u00f6he von Lands End, nimmt der Erste Offizier eine Kurskorrektur vor: Kurs West-S\u00fcd-West, Richtung Karibik.\u00a0Auf Wiedersehen Europa, bis bald.\u00a0Fietes Traum wird endlich wahr.\u00a01966 heuert er in Hamburg auf einem Tanker, mit Kurs auf Aruba, an. Schnell wird ihm klar, dass das Leben an Bord viele \u00dcberraschungen bereit h\u00e4lt: echte Freundschaften entstehen, aber bald muss Fiete auch mit den Launen der Natur und den Schikanen der Crew Bekanntschaft machen. Er erkennt, dass es ein langer, harter Weg von der Landratte zum t\u00fcchtigen Seemann ist.<\/p>\n<p><strong>ISBN:<\/strong>ISBN 3-8334-4382-0<\/p>\n<p>Ersterscheinung M\u00e4rz 2006<\/p>\n<h4>Der Buchpreis betr\u00e4gt EUR 16,80<\/h4>\n<p>&nbsp;<\/p>\n<blockquote><p>\u00a0<strong>Wenn du drei Seiten gelesen hast, f\u00e4hrst du unweigerlich mit auf dem Dampfer!<\/strong><\/p>\n<p>Original Ton eines Beamten der Hamburger Wasserschutzpolizei<\/p><\/blockquote>\n<ul>\n<li><a title=\"Bestellung\" href=\"https:\/\/perlduekkers-seefahrt.de\/?page_id=14\">Hier gehts zur Bestellung<\/a><\/li>\n<li><a title=\"B\u00fccher\" href=\"https:\/\/perlduekkers-seefahrt.de\/?page_id=12\">zur\u00fcck zur \u00dcbersicht<\/a><\/li>\n<\/ul>\n","protected":false},"excerpt":{"rendered":"<p>SEEFAHRT 1966 PUR UND OHNE SCHNOERKEL ist das erste Buch, dass ich ver\u00f6ffentlicht habe.\u00a0Meine Freunde und Verwandte waren der Meinung, nachdem ich auf irgendeiner Feier, wieder einmal eine Story aus der Seefahrt zum Besten gegeben hatte: Mensch, schreib doch alles mal auf und versuche ein Buch davon zu machen.\u00a0Diesen Gedanken habe ich aufgegriffen und so [&hellip;]<\/p>\n","protected":false},"author":1,"featured_media":0,"parent":12,"menu_order":0,"comment_status":"closed","ping_status":"closed","template":"","meta":[],"_links":{"self":[{"href":"https:\/\/perlduekkers-seefahrt.de\/index.php?rest_route=\/wp\/v2\/pages\/75"}],"collection":[{"href":"https:\/\/perlduekkers-seefahrt.de\/index.php?rest_route=\/wp\/v2\/pages"}],"about":[{"href":"https:\/\/perlduekkers-seefahrt.de\/index.php?rest_route=\/wp\/v2\/types\/page"}],"author":[{"embeddable":true,"href":"https:\/\/perlduekkers-seefahrt.de\/index.php?rest_route=\/wp\/v2\/users\/1"}],"replies":[{"embeddable":true,"href":"https:\/\/perlduekkers-seefahrt.de\/index.php?rest_route=%2Fwp%2Fv2%2Fcomments&post=75"}],"version-history":[{"count":9,"href":"https:\/\/perlduekkers-seefahrt.de\/index.php?rest_route=\/wp\/v2\/pages\/75\/revisions"}],"predecessor-version":[{"id":35661,"href":"https:\/\/perlduekkers-seefahrt.de\/index.php?rest_route=\/wp\/v2\/pages\/75\/revisions\/35661"}],"up":[{"embeddable":true,"href":"https:\/\/perlduekkers-seefahrt.de\/index.php?rest_route=\/wp\/v2\/pages\/12"}],"wp:attachment":[{"href":"https:\/\/perlduekkers-seefahrt.de\/index.php?rest_route=%2Fwp%2Fv2%2Fmedia&parent=75"}],"curies":[{"name":"wp","href":"https:\/\/api.w.org\/{rel}","templated":true}]}}