{"id":73,"date":"2014-06-02T15:22:11","date_gmt":"2014-06-02T15:22:11","guid":{"rendered":"http:\/\/wp.perlduekkers-seefahrt.de\/?page_id=73"},"modified":"2018-06-02T09:51:59","modified_gmt":"2018-06-02T09:51:59","slug":"seefahrt-kuemo-1969-alles-ungeschminkt","status":"publish","type":"page","link":"https:\/\/perlduekkers-seefahrt.de\/?page_id=73","title":{"rendered":"Seefahrt, K\u00fcmo 1969. ALLES UNGESCHMINKT!"},"content":{"rendered":"<p><img loading=\"lazy\" class=\"alignnone size-full wp-image-104\" alt=\"kuemo\" src=\"https:\/\/wp.perlduekkers-seefahrt.de\/wp-content\/uploads\/2014\/06\/kuemo.jpg\" width=\"581\" height=\"390\" srcset=\"https:\/\/perlduekkers-seefahrt.de\/wp-content\/uploads\/2014\/06\/kuemo.jpg 581w, https:\/\/perlduekkers-seefahrt.de\/wp-content\/uploads\/2014\/06\/kuemo-300x201.jpg 300w\" sizes=\"(max-width: 581px) 100vw, 581px\" \/><\/p>\n<p style=\"text-align: justify;\">Decksmann Fiete hatte es endlich geschafft und war in Hamburg auf einem K\u00fcmo, der LIBROMADEIRA, angemustert.\u00a0Dort wurde es dann doch h\u00e4rter und nicht ganz so einfach, wie er es sich in seiner Fantasie ausgemalt hatte. Trotz allem entstanden echte M\u00e4nnerfreundschaften, die auch durch das \u00fcberaus merkw\u00fcrdige Verhalten eines anderen Crew Mitgliedes nicht ersch\u00fcttert werden konnten.\u00a0Sie ritten auf der LIBROMADEIRA schwerste St\u00fcrme ab, wobei es Fiete so mulmig wurde, dass er sogar erstmal wieder Gedanken an Gott in ihm aufkeimten.\u00a0Trotzdem trieben sie es mit den wildesten M\u00e4dels an Nord- und Ostsee. Die daraus resultierenden kurzen N\u00e4chte hielten sie nicht davon ab, morgens immer wieder einigerma\u00dfen fit an Deck zu erscheinen.\u00a0In Belfast gerieten Achim, Theo, Reinhard und Fiete in eine heftige Schl\u00e4gerei, der sie durch Flucht entkommen wollten. Schnellstens versuchten sie in Achims parkenden K\u00e4fer zu gelangen. Da traf Fiete urpl\u00f6tzlich etwas Hartes an seiner rechten Schl\u00e4fe und auf einen Schlag erloschen seine Lebensgeister.<\/p>\n<p>War nun alles aus?\u00a0F\u00fcr immer vorbei?<\/p>\n<p><strong>ISBN:<\/strong>978-3-8448-3569-4<\/p>\n<p>JULI, 2012 Books on Demand, Norderstedt<\/p>\n<h4>Der Buchpreis betr\u00e4gt EUR 22,20<\/h4>\n<p>&nbsp;<\/p>\n<ul>\n<li><a title=\"Bestellung\" href=\"https:\/\/perlduekkers-seefahrt.de\/?page_id=14\">Hier gehts zur Bestellung<\/a><\/li>\n<li><a title=\"B\u00fccher\" href=\"https:\/\/perlduekkers-seefahrt.de\/?page_id=12\">zur\u00fcck zur \u00dcbersicht<\/a><\/li>\n<\/ul>\n","protected":false},"excerpt":{"rendered":"<p>Decksmann Fiete hatte es endlich geschafft und war in Hamburg auf einem K\u00fcmo, der LIBROMADEIRA, angemustert.\u00a0Dort wurde es dann doch h\u00e4rter und nicht ganz so einfach, wie er es sich in seiner Fantasie ausgemalt hatte. Trotz allem entstanden echte M\u00e4nnerfreundschaften, die auch durch das \u00fcberaus merkw\u00fcrdige Verhalten eines anderen Crew Mitgliedes nicht ersch\u00fcttert werden konnten.\u00a0Sie [&hellip;]<\/p>\n","protected":false},"author":1,"featured_media":0,"parent":12,"menu_order":0,"comment_status":"closed","ping_status":"closed","template":"","meta":[],"_links":{"self":[{"href":"https:\/\/perlduekkers-seefahrt.de\/index.php?rest_route=\/wp\/v2\/pages\/73"}],"collection":[{"href":"https:\/\/perlduekkers-seefahrt.de\/index.php?rest_route=\/wp\/v2\/pages"}],"about":[{"href":"https:\/\/perlduekkers-seefahrt.de\/index.php?rest_route=\/wp\/v2\/types\/page"}],"author":[{"embeddable":true,"href":"https:\/\/perlduekkers-seefahrt.de\/index.php?rest_route=\/wp\/v2\/users\/1"}],"replies":[{"embeddable":true,"href":"https:\/\/perlduekkers-seefahrt.de\/index.php?rest_route=%2Fwp%2Fv2%2Fcomments&post=73"}],"version-history":[{"count":6,"href":"https:\/\/perlduekkers-seefahrt.de\/index.php?rest_route=\/wp\/v2\/pages\/73\/revisions"}],"predecessor-version":[{"id":35660,"href":"https:\/\/perlduekkers-seefahrt.de\/index.php?rest_route=\/wp\/v2\/pages\/73\/revisions\/35660"}],"up":[{"embeddable":true,"href":"https:\/\/perlduekkers-seefahrt.de\/index.php?rest_route=\/wp\/v2\/pages\/12"}],"wp:attachment":[{"href":"https:\/\/perlduekkers-seefahrt.de\/index.php?rest_route=%2Fwp%2Fv2%2Fmedia&parent=73"}],"curies":[{"name":"wp","href":"https:\/\/api.w.org\/{rel}","templated":true}]}}