{"id":6073,"date":"2015-07-09T15:07:07","date_gmt":"2015-07-09T15:07:07","guid":{"rendered":"http:\/\/perlduekkers-seefahrt.de\/?page_id=6073"},"modified":"2018-06-02T09:53:56","modified_gmt":"2018-06-02T09:53:56","slug":"seefahrt-abenteuer-in-der-trampschifffahrt","status":"publish","type":"page","link":"https:\/\/perlduekkers-seefahrt.de\/?page_id=6073","title":{"rendered":"SEEFAHRT! Abenteuer in der Trampschifffahrt"},"content":{"rendered":"<p style=\"text-align: justify;\"><img loading=\"lazy\" class=\"alignnone  wp-image-6074\" src=\"https:\/\/perlduekkers-seefahrt.de\/wp-content\/uploads\/2015\/07\/Cover-trampsch.jpg\" alt=\"Cover trampsch\" width=\"613\" height=\"422\" srcset=\"https:\/\/perlduekkers-seefahrt.de\/wp-content\/uploads\/2015\/07\/Cover-trampsch.jpg 800w, https:\/\/perlduekkers-seefahrt.de\/wp-content\/uploads\/2015\/07\/Cover-trampsch-500x344.jpg 500w\" sizes=\"(max-width: 613px) 100vw, 613px\" \/><\/p>\n<h4><!--StartFragment --><\/h4>\n<div><strong>ABENTEUER TRAMPSCHIFFFAHRT<\/strong><\/div>\n<p style=\"text-align: justify;\">Nicht zu wissen, welcher Hafen oder welcher Kontinent demn\u00e4chst angelaufen werden soll, dass ist\u00a0das Schicksal oder aber auch die Freude eines Seemannes, der ein Trampschiff sein Zuhause nennt.<\/p>\n<div style=\"text-align: justify;\">Dass wollte Fiete und erreichte auch sein Ziel: Er stieg in Italien auf einem Tramper ein.\u00a0Allerdings hatte er nicht erwartet, dass dort einige der heftigsten Erfahrungen seines Lebens \u00fcber ihn\u00a0hereinbrechen w\u00fcrden: Angefangen mit leichten Ladungssprengarbeiten in Norwegen, einem Duschverbot\u00a0nach dem Verlassen des englischen Kanals, sowie Pflanzkartoffeln-Laden in Kanada w\u00e4hrend eines Schneesturms.<\/div>\n<div style=\"text-align: justify;\"><\/div>\n<div style=\"text-align: justify;\">\n<br \/>\nSo begann es auf der<strong> &#8222;MARIE REITH&#8220;<\/strong>, und es sollte sogar noch besser kommen: Verlockende Angebote Eingeborener am Strand von Puerto Cabello, viel Spa\u00df in der Waagerechten mit einem h\u00fcbschen M\u00e4del in Brasilien\u00a0und dann leider noch der Notstopp in einer Klinik in Newport News. Allerdings wurde er dort von einer sehr kompetenten<\/div>\n<div style=\"text-align: justify;\">Krankenschwester bestens versorgt.\u00a0In allen erdenklichen Belangen.\u00a0Die gr\u00f6\u00dfte \u00dcberraschung erlebte Fiete aber nach dem Auslaufen aus Brasilien, als sie bereits wieder auf offener See waren.<\/div>\n<div style=\"text-align: justify;\"><\/div>\n<p><\/p>\n<div style=\"text-align: justify;\">Da stand<strong> &#8222;ER&#8220;<\/strong> urpl\u00f6tzlich vor ihm.<\/div>\n<div><\/div>\n<p>&nbsp;<\/p>\n<div><strong>Der Buchpreis Printbook betr\u00e4gt. \u00a0 \u00a0 \u00a0 \u00a0\u00a0<span style=\"text-decoration: underline;\"> EUR 9,90<\/span>\u00a0\u00a0\u00a0\u00a0 ISBN: 978-3-7392-7114-9<\/strong><\/div>\n<div><\/div>\n<div><strong>Der Preis f\u00fcr ein E-BOOK betr\u00e4gt:\u00a0\u00a0\u00a0\u00a0\u00a0\u00a0\u00a0 <span style=\"text-decoration: underline;\">EUR 4,99<\/span>\u00a0\u00a0\u00a0\u00a0 ISBN: 978-3-7392-9190-1<\/strong><\/div>\n<div><\/div>\n<div><\/div>\n<div><\/div>\n<p>&nbsp;<\/p>\n<div><strong>Das Buch ist \u00fcberall im Buchhandel oder auch im Internet-Buchhandel erh\u00e4ltlich.<\/strong><\/div>\n<div><strong>Printexemplare sind selbstverst\u00e4ndlich,<span style=\"text-decoration: underline;\"> signiert<\/span>, auch beim Autoren \u00fcber: fiete.synold@gmx.de erh\u00e4ltlich.<\/strong><\/div>\n<h4><!--EndFragment --><\/h4>\n<p>&nbsp;<\/p>\n<ul>\n<li><a title=\"Bestellung\" href=\"https:\/\/perlduekkers-seefahrt.de\/?page_id=14\">Hier gehts zur Bestellung<\/a><\/li>\n<li><a title=\"B\u00fccher\" href=\"https:\/\/perlduekkers-seefahrt.de\/?page_id=12\">zur\u00fcck zur \u00dcbersicht<\/a><\/li>\n<\/ul>\n<p>&nbsp;<\/p>\n","protected":false},"excerpt":{"rendered":"<p>ABENTEUER TRAMPSCHIFFFAHRT Nicht zu wissen, welcher Hafen oder welcher Kontinent demn\u00e4chst angelaufen werden soll, dass ist\u00a0das Schicksal oder aber auch die Freude eines Seemannes, der ein Trampschiff sein Zuhause nennt. Dass wollte Fiete und erreichte auch sein Ziel: Er stieg in Italien auf einem Tramper ein.\u00a0Allerdings hatte er nicht erwartet, dass dort einige der heftigsten [&hellip;]<\/p>\n","protected":false},"author":1,"featured_media":0,"parent":0,"menu_order":1,"comment_status":"closed","ping_status":"open","template":"","meta":[],"_links":{"self":[{"href":"https:\/\/perlduekkers-seefahrt.de\/index.php?rest_route=\/wp\/v2\/pages\/6073"}],"collection":[{"href":"https:\/\/perlduekkers-seefahrt.de\/index.php?rest_route=\/wp\/v2\/pages"}],"about":[{"href":"https:\/\/perlduekkers-seefahrt.de\/index.php?rest_route=\/wp\/v2\/types\/page"}],"author":[{"embeddable":true,"href":"https:\/\/perlduekkers-seefahrt.de\/index.php?rest_route=\/wp\/v2\/users\/1"}],"replies":[{"embeddable":true,"href":"https:\/\/perlduekkers-seefahrt.de\/index.php?rest_route=%2Fwp%2Fv2%2Fcomments&post=6073"}],"version-history":[{"count":18,"href":"https:\/\/perlduekkers-seefahrt.de\/index.php?rest_route=\/wp\/v2\/pages\/6073\/revisions"}],"predecessor-version":[{"id":35665,"href":"https:\/\/perlduekkers-seefahrt.de\/index.php?rest_route=\/wp\/v2\/pages\/6073\/revisions\/35665"}],"wp:attachment":[{"href":"https:\/\/perlduekkers-seefahrt.de\/index.php?rest_route=%2Fwp%2Fv2%2Fmedia&parent=6073"}],"curies":[{"name":"wp","href":"https:\/\/api.w.org\/{rel}","templated":true}]}}