{"id":5,"date":"2014-05-27T18:15:01","date_gmt":"2014-05-27T18:15:01","guid":{"rendered":"http:\/\/wp.perlduekkers-seefahrt.de\/?page_id=5"},"modified":"2026-01-25T12:18:57","modified_gmt":"2026-01-25T12:18:57","slug":"home","status":"publish","type":"page","link":"https:\/\/perlduekkers-seefahrt.de\/","title":{"rendered":"Home"},"content":{"rendered":"<h2 style=\"text-align: center;\"><span style=\"color: #ff0000;\"><em>Herzlich willkomm<\/em><em>en auf der Homepage des<\/em><\/span><\/h2>\n<h2 style=\"text-align: center;\"><span style=\"color: #ff0000;\"><em> PERLDUEKKERS, viel Spa\u00df beim St\u00f6bern.<\/em><\/span><\/h2>\n<p style=\"text-align: center;\">\n<div id=\"attachment_61418\" style=\"width: 501px\" class=\"wp-caption aligncenter\"><img aria-describedby=\"caption-attachment-61418\" loading=\"lazy\" class=\" wp-image-61418\" src=\"https:\/\/perlduekkers-seefahrt.de\/wp-content\/uploads\/2020\/02\/IMG_0029.jpg\" alt=\"\" width=\"491\" height=\"344\" srcset=\"https:\/\/perlduekkers-seefahrt.de\/wp-content\/uploads\/2020\/02\/IMG_0029.jpg 800w, https:\/\/perlduekkers-seefahrt.de\/wp-content\/uploads\/2020\/02\/IMG_0029-500x351.jpg 500w, https:\/\/perlduekkers-seefahrt.de\/wp-content\/uploads\/2020\/02\/IMG_0029-768x539.jpg 768w\" sizes=\"(max-width: 491px) 100vw, 491px\" \/><p id=\"caption-attachment-61418\" class=\"wp-caption-text\"><strong>Landgang.<\/strong><br \/><strong>Markttag in Abidjan,Westafrika 1973, ich bin am schachern mit einem Einheimischen. Eingelaufen mit der &#8222;SCHAUENBURG&#8220; der Reederei Schuldt, Hamburg.\u00a0<\/strong><\/p><\/div>\n<p style=\"text-align: center;\">\u00a0 \u00a0 \u00a0 \u00a0 \u00a0 \u00a0 \u00a0 \u00a0 \u00a0 \u00a0 \u00a0 \u00a0 \u00a0 \u00a0 \u00a0 \u00a0 \u00a0 \u00a0 \u00a0 \u00a0 \u00a0 \u00a0 \u00a0 \u00a0 \u00a0 \u00a0 \u00a0 \u00a0 \u00a0 \u00a0 \u00a0 \u00a0 \u00a0 \u00a0 \u00a0 \u00a0 \u00a0 \u00a0 \u00a0 \u00a0 \u00a0 \u00a0 \u00a0 \u00a0 \u00a0 \u00a0 \u00a0 \u00a0 \u00a0 \u00a0 \u00a0 \u00a0 \u00a0 \u00a0 \u00a0 \u00a0 \u00a0 \u00a0 \u00a0 \u00a0 \u00a0 \u00a0 \u00a0 \u00a0 \u00a0 \u00a0 \u00a0 \u00a0 \u00a0 <span style=\"color: #ff0000;\">\u00a0<\/span><\/p>\n<h3><span style=\"text-decoration: underline; color: #0000ff;\"><strong>Und hier nun noch einige sehr lesenswerte B\u00fccher!!!<\/strong><\/span><\/h3>\n<h3 style=\"text-align: center;\"><a href=\"https:\/\/perlduekkers-seefahrt.de\/?page_id=6073\"><img loading=\"lazy\" class=\"wp-image-23220 alignleft\" src=\"https:\/\/perlduekkers-seefahrt.de\/wp-content\/uploads\/2014\/05\/cover-tramp-I-317x450.jpg\" alt=\"cover tramp I\" width=\"170\" height=\"242\" srcset=\"https:\/\/perlduekkers-seefahrt.de\/wp-content\/uploads\/2014\/05\/cover-tramp-I-317x450.jpg 317w, https:\/\/perlduekkers-seefahrt.de\/wp-content\/uploads\/2014\/05\/cover-tramp-I.jpg 422w\" sizes=\"(max-width: 170px) 100vw, 170px\" \/><\/a><\/h3>\n<p><img loading=\"lazy\" class=\"wp-image-53777 alignleft\" src=\"https:\/\/perlduekkers-seefahrt.de\/wp-content\/uploads\/2019\/08\/Eigene-Bilder.jpg\" alt=\"\" width=\"185\" height=\"258\" srcset=\"https:\/\/perlduekkers-seefahrt.de\/wp-content\/uploads\/2019\/08\/Eigene-Bilder.jpg 430w, https:\/\/perlduekkers-seefahrt.de\/wp-content\/uploads\/2019\/08\/Eigene-Bilder-323x450.jpg 323w\" sizes=\"(max-width: 185px) 100vw, 185px\" \/><\/p>\n<h3 style=\"text-align: center;\"><img loading=\"lazy\" class=\"wp-image-50515 alignleft\" src=\"https:\/\/perlduekkers-seefahrt.de\/wp-content\/uploads\/2019\/05\/Cover-Diamantenflucht1102-317x450.png\" alt=\"\" width=\"171\" height=\"243\" \/><\/h3>\n<p>&nbsp;<\/p>\n<p>&nbsp;<\/p>\n<p>&nbsp;<\/p>\n<p>&nbsp;<\/p>\n<p>&nbsp;<\/p>\n<p>&nbsp;<\/p>\n<p>&nbsp;<\/p>\n<p>&nbsp;<\/p>\n<p>&nbsp;<\/p>\n<p><strong><span style=\"color: #ff0000;\">Hier seht Ihr drei meiner B\u00fccher <\/span><\/strong><\/p>\n<p><strong><span style=\"color: #ff0000;\">\u00fcber meine Erlebnisse in der Seefahrt:<\/span><\/strong><\/p>\n<p><strong><span style=\"color: #ff0000;\">&#8222;DER VERGANGENEN TAGE&#8220;<\/span><\/strong><\/p>\n<p>&nbsp;<\/p>\n<h2><span style=\"color: #000080;\">Der BESTSELLER!!!!<\/span><\/h2>\n<p><span style=\"color: #000080;\"><strong><span style=\"text-decoration: underline;\">&#8222;SEEFAHRT 1966 pur und ohne Schn\u00f6rkel&#8220; &#8211;\u00a0<\/span><span style=\"text-decoration: underline;\">\u00a0nur EUR 16,80,<\/span><\/strong><span style=\"text-decoration: underline;\"><span style=\"color: #ff0000; text-decoration: underline;\">\u00a0\u00a0<\/span><\/span><\/span><\/p>\n<p><span style=\"color: #000080;\"><span style=\"text-decoration: underline;\"><span style=\"color: #ff0000; text-decoration: underline;\">hier nicht abgebildet, siehe unter &#8222;B\u00dcCHER&#8220;<\/span><\/span><strong><span style=\"text-decoration: underline;\"><br \/>\n<\/span><\/strong><\/span><\/p>\n<p>&nbsp;<\/p>\n<p><strong>Seefahrt, K\u00fcmo 1969. Alles ungeschminkt.\u00a0\u00a0\u00a0\u00a0\u00a0\u00a0\u00a0\u00a0\u00a0\u00a0\u00a0\u00a0\u00a0 EUR 22,20<\/strong><\/p>\n<p><span style=\"text-decoration: underline;\"><span style=\"color: #ff0000; text-decoration: underline;\">&#8222;SEEFAHRT! Abenteuer in der Trampschifffahrt&#8220; &#8211; nur EUR 9,90<\/span><span style=\"color: #ff0000; text-decoration: underline;\">\u00a0<\/span><\/span><\/p>\n<p><span style=\"color: #ff0000; text-decoration: underline;\">&#8222;DIAMANTENFLUCH(T)&#8220; &#8211; nur EUR 9,90<\/span><\/p>\n<p><span style=\"text-decoration: underline;\"><span style=\"color: #0000ff; text-decoration: underline;\">Diese B\u00fccher gibt es auch als E-Books.<\/span><\/span><\/p>\n<p>Im Internet, im allgemeinen Buchhandel oder bei mir erh\u00e4ltlich.<\/p>\n<p>&nbsp;<\/p>\n<p>&nbsp;<\/p>\n<p><img loading=\"lazy\" class=\"alignleft wp-image-1344\" src=\"https:\/\/perlduekkers-seefahrt.de\/wp-content\/uploads\/2014\/05\/nazigoldklein.jpg\" alt=\"nazigoldklein\" width=\"171\" height=\"240\" \/> <img loading=\"lazy\" class=\"alignleft wp-image-1343\" src=\"https:\/\/perlduekkers-seefahrt.de\/wp-content\/uploads\/2014\/05\/mord2klein.jpg\" alt=\"mord2klein\" width=\"157\" height=\"242\" \/><\/p>\n<p>&nbsp;<\/p>\n<p><strong><span style=\"text-decoration: underline;\"><span style=\"color: #0000ff; text-decoration: underline;\">ACHTUNG!!! ACHTUNG!!! ACHTUNG!!! ACHTUNG!!!<br \/>\n<\/span><\/span><\/strong><\/p>\n<p><span style=\"color: #ff0000;\">Diese beiden maritimen Krimis gibt es ab jetzt,<\/span> <strong><span style=\"color: #0000ff;\">exklusiv<\/span><\/strong> <span style=\"text-decoration: underline;\"><span style=\"color: #0000ff; text-decoration: underline;\">als SPEZIAL OFFER<\/span><\/span><\/p>\n<h3><span style=\"text-decoration: underline;\"><span style=\"color: #ff0000; text-decoration: underline;\">zu einem Paketpreis von nur<\/span><\/span><span style=\"color: #ff0000;\"> \u00a0\u00a0 \u00a0<\/span><span style=\"text-decoration: underline;\"><span style=\"color: #ff0000; text-decoration: underline;\"> <strong>EUR 15,00 <\/strong><\/span><\/span><\/h3>\n<p><strong>Dieses Paket ist nur erh\u00e4ltlich \u00fcber:\u00a0 <span style=\"text-decoration: underline;\"><span style=\"color: #0000ff; text-decoration: underline;\">fiete.synold@gmx.de<\/span><br \/>\n<\/span><\/strong><\/p>\n<p>&nbsp;<\/p>\n<p>&nbsp;<\/p>\n<hr \/>\n<p>&nbsp;<\/p>\n<p>&nbsp;<\/p>\n<p style=\"text-align: center;\">Die Genehmigung zur Ver\u00f6ffentlichung der Dokumente und Fotos auf der Website:<br \/>\nperlduekkers-seefahrt.de<br \/>\nwurden von den Besitzern elektronisch oder postalisch \u00fcbermittelt.<\/p>\n<p style=\"text-align: center;\">Zur L\u00f6schung von Fotos oder Textbeitr\u00e4gen gen\u00fcgt eine Mitteilung des Eigent\u00fcmers an den Webmaster.<\/p>\n","protected":false},"excerpt":{"rendered":"<p>Herzlich willkommen auf der Homepage des PERLDUEKKERS, viel Spa\u00df beim St\u00f6bern. \u00a0 \u00a0 \u00a0 \u00a0 \u00a0 \u00a0 \u00a0 \u00a0 \u00a0 \u00a0 \u00a0 \u00a0 \u00a0 \u00a0 \u00a0 \u00a0 \u00a0 \u00a0 \u00a0 \u00a0 \u00a0 \u00a0 \u00a0 \u00a0 \u00a0 \u00a0 \u00a0 \u00a0 \u00a0 \u00a0 \u00a0 \u00a0 \u00a0 \u00a0 \u00a0 \u00a0 \u00a0 \u00a0 \u00a0 \u00a0 \u00a0 \u00a0 \u00a0 \u00a0 [&hellip;]<\/p>\n","protected":false},"author":1,"featured_media":0,"parent":0,"menu_order":1,"comment_status":"closed","ping_status":"closed","template":"","meta":[],"_links":{"self":[{"href":"https:\/\/perlduekkers-seefahrt.de\/index.php?rest_route=\/wp\/v2\/pages\/5"}],"collection":[{"href":"https:\/\/perlduekkers-seefahrt.de\/index.php?rest_route=\/wp\/v2\/pages"}],"about":[{"href":"https:\/\/perlduekkers-seefahrt.de\/index.php?rest_route=\/wp\/v2\/types\/page"}],"author":[{"embeddable":true,"href":"https:\/\/perlduekkers-seefahrt.de\/index.php?rest_route=\/wp\/v2\/users\/1"}],"replies":[{"embeddable":true,"href":"https:\/\/perlduekkers-seefahrt.de\/index.php?rest_route=%2Fwp%2Fv2%2Fcomments&post=5"}],"version-history":[{"count":358,"href":"https:\/\/perlduekkers-seefahrt.de\/index.php?rest_route=\/wp\/v2\/pages\/5\/revisions"}],"predecessor-version":[{"id":171875,"href":"https:\/\/perlduekkers-seefahrt.de\/index.php?rest_route=\/wp\/v2\/pages\/5\/revisions\/171875"}],"wp:attachment":[{"href":"https:\/\/perlduekkers-seefahrt.de\/index.php?rest_route=%2Fwp%2Fv2%2Fmedia&parent=5"}],"curies":[{"name":"wp","href":"https:\/\/api.w.org\/{rel}","templated":true}]}}