{"id":277,"date":"2014-06-12T15:51:55","date_gmt":"2014-06-12T15:51:55","guid":{"rendered":"http:\/\/wp.perlduekkers-seefahrt.de\/?page_id=277"},"modified":"2018-06-02T09:38:40","modified_gmt":"2018-06-02T09:38:40","slug":"kuestenmotorschiff-eleonore","status":"publish","type":"page","link":"https:\/\/perlduekkers-seefahrt.de\/?page_id=277","title":{"rendered":"K\u00fcstenmotorschiff ELEONORE"},"content":{"rendered":"\n\t\t<style type=\"text\/css\">\n\t\t\t#gallery-1 {\n\t\t\t\tmargin: auto;\n\t\t\t}\n\t\t\t#gallery-1 .gallery-item {\n\t\t\t\tfloat: left;\n\t\t\t\tmargin-top: 10px;\n\t\t\t\ttext-align: center;\n\t\t\t\twidth: 50%;\n\t\t\t}\n\t\t\t#gallery-1 img {\n\t\t\t\tborder: 2px solid #cfcfcf;\n\t\t\t}\n\t\t\t#gallery-1 .gallery-caption {\n\t\t\t\tmargin-left: 0;\n\t\t\t}\n\t\t\t\/* see gallery_shortcode() in wp-includes\/media.php *\/\n\t\t<\/style>\n\t\t<div id='gallery-1' class='gallery galleryid-277 gallery-columns-2 gallery-size-thumbnail'><dl class='gallery-item'>\n\t\t\t<dt class='gallery-icon landscape'>\n\t\t\t\t<a href='https:\/\/perlduekkers-seefahrt.de\/wp-content\/uploads\/2014\/06\/eleonore1.jpg'><img width=\"150\" height=\"150\" src=\"https:\/\/perlduekkers-seefahrt.de\/wp-content\/uploads\/2014\/06\/eleonore1-150x150.jpg\" class=\"attachment-thumbnail size-thumbnail\" alt=\"\" loading=\"lazy\" aria-describedby=\"gallery-1-467\" \/><\/a>\n\t\t\t<\/dt>\n\t\t\t\t<dd class='wp-caption-text gallery-caption' id='gallery-1-467'>\n\t\t\t\tDie ELEONORE war mit ihren 268 To. bestimmt nicht gro\u00df, aber ich habe sehr, sehr viel w\u00e4hrend meiner Zeit an Bord, gelernt. Reederei Vor-Schmidtsh\u00f6fen, Eigner. 1966 \/1967 \n\t\t\t\t<\/dd><\/dl><dl class='gallery-item'>\n\t\t\t<dt class='gallery-icon portrait'>\n\t\t\t\t<a href='https:\/\/perlduekkers-seefahrt.de\/wp-content\/uploads\/2014\/06\/IMG_0005.jpg'><img width=\"150\" height=\"150\" src=\"https:\/\/perlduekkers-seefahrt.de\/wp-content\/uploads\/2014\/06\/IMG_0005-150x150.jpg\" class=\"attachment-thumbnail size-thumbnail\" alt=\"\" loading=\"lazy\" aria-describedby=\"gallery-1-986\" \/><\/a>\n\t\t\t<\/dt>\n\t\t\t\t<dd class='wp-caption-text gallery-caption' id='gallery-1-986'>\n\t\t\t\tDie &#8222;GORCH FOCK&#8220; in der Kieler Bucht.\n(C) f.s.\n\t\t\t\t<\/dd><\/dl><br style=\"clear: both\" \/><dl class='gallery-item'>\n\t\t\t<dt class='gallery-icon portrait'>\n\t\t\t\t<a href='https:\/\/perlduekkers-seefahrt.de\/wp-content\/uploads\/2014\/06\/IMG_0004.jpg'><img width=\"150\" height=\"150\" src=\"https:\/\/perlduekkers-seefahrt.de\/wp-content\/uploads\/2014\/06\/IMG_0004-150x150.jpg\" class=\"attachment-thumbnail size-thumbnail\" alt=\"\" loading=\"lazy\" aria-describedby=\"gallery-1-984\" \/><\/a>\n\t\t\t<\/dt>\n\t\t\t\t<dd class='wp-caption-text gallery-caption' id='gallery-1-984'>\n\t\t\t\tNoch einmal das Schulschiff &#8222;GORCH FOCK&#8220; , Kieler Bucht.\n(C) f.s.\n\t\t\t\t<\/dd><\/dl><dl class='gallery-item'>\n\t\t\t<dt class='gallery-icon landscape'>\n\t\t\t\t<a href='https:\/\/perlduekkers-seefahrt.de\/wp-content\/uploads\/2014\/06\/IMG_0003_NEW.jpg'><img width=\"150\" height=\"150\" src=\"https:\/\/perlduekkers-seefahrt.de\/wp-content\/uploads\/2014\/06\/IMG_0003_NEW-150x150.jpg\" class=\"attachment-thumbnail size-thumbnail\" alt=\"\" loading=\"lazy\" aria-describedby=\"gallery-1-983\" srcset=\"https:\/\/perlduekkers-seefahrt.de\/wp-content\/uploads\/2014\/06\/IMG_0003_NEW-150x150.jpg 150w, https:\/\/perlduekkers-seefahrt.de\/wp-content\/uploads\/2014\/06\/IMG_0003_NEW-450x450.jpg 450w, https:\/\/perlduekkers-seefahrt.de\/wp-content\/uploads\/2014\/06\/IMG_0003_NEW-1024x1024.jpg 1024w, https:\/\/perlduekkers-seefahrt.de\/wp-content\/uploads\/2014\/06\/IMG_0003_NEW-600x600.jpg 600w, https:\/\/perlduekkers-seefahrt.de\/wp-content\/uploads\/2014\/06\/IMG_0003_NEW.jpg 1028w\" sizes=\"(max-width: 150px) 100vw, 150px\" \/><\/a>\n\t\t\t<\/dt>\n\t\t\t\t<dd class='wp-caption-text gallery-caption' id='gallery-1-983'>\n\t\t\t\tHier ein Blick auf die &#8222;American Pier&#8220; in Cuxhaven.\n(C) f.s.\n\t\t\t\t<\/dd><\/dl><br style=\"clear: both\" \/><dl class='gallery-item'>\n\t\t\t<dt class='gallery-icon landscape'>\n\t\t\t\t<a href='https:\/\/perlduekkers-seefahrt.de\/wp-content\/uploads\/2014\/06\/IMG_0002_NEW.jpg'><img width=\"150\" height=\"150\" src=\"https:\/\/perlduekkers-seefahrt.de\/wp-content\/uploads\/2014\/06\/IMG_0002_NEW-150x150.jpg\" class=\"attachment-thumbnail size-thumbnail\" alt=\"\" loading=\"lazy\" aria-describedby=\"gallery-1-981\" srcset=\"https:\/\/perlduekkers-seefahrt.de\/wp-content\/uploads\/2014\/06\/IMG_0002_NEW-150x150.jpg 150w, https:\/\/perlduekkers-seefahrt.de\/wp-content\/uploads\/2014\/06\/IMG_0002_NEW-450x450.jpg 450w, https:\/\/perlduekkers-seefahrt.de\/wp-content\/uploads\/2014\/06\/IMG_0002_NEW-1024x1024.jpg 1024w, https:\/\/perlduekkers-seefahrt.de\/wp-content\/uploads\/2014\/06\/IMG_0002_NEW-600x600.jpg 600w, https:\/\/perlduekkers-seefahrt.de\/wp-content\/uploads\/2014\/06\/IMG_0002_NEW.jpg 1036w\" sizes=\"(max-width: 150px) 100vw, 150px\" \/><\/a>\n\t\t\t<\/dt>\n\t\t\t\t<dd class='wp-caption-text gallery-caption' id='gallery-1-981'>\n\t\t\t\tEin Blick auf den alten Kieler Feuerturm.\n(C) f.s.\n\t\t\t\t<\/dd><\/dl><dl class='gallery-item'>\n\t\t\t<dt class='gallery-icon landscape'>\n\t\t\t\t<a href='https:\/\/perlduekkers-seefahrt.de\/wp-content\/uploads\/2014\/06\/IMG_0001.jpg'><img width=\"150\" height=\"150\" src=\"https:\/\/perlduekkers-seefahrt.de\/wp-content\/uploads\/2014\/06\/IMG_0001-150x150.jpg\" class=\"attachment-thumbnail size-thumbnail\" alt=\"\" loading=\"lazy\" aria-describedby=\"gallery-1-979\" srcset=\"https:\/\/perlduekkers-seefahrt.de\/wp-content\/uploads\/2014\/06\/IMG_0001-150x150.jpg 150w, https:\/\/perlduekkers-seefahrt.de\/wp-content\/uploads\/2014\/06\/IMG_0001-451x450.jpg 451w, https:\/\/perlduekkers-seefahrt.de\/wp-content\/uploads\/2014\/06\/IMG_0001-1024x1020.jpg 1024w, https:\/\/perlduekkers-seefahrt.de\/wp-content\/uploads\/2014\/06\/IMG_0001-600x597.jpg 600w, https:\/\/perlduekkers-seefahrt.de\/wp-content\/uploads\/2014\/06\/IMG_0001.jpg 1032w\" sizes=\"(max-width: 150px) 100vw, 150px\" \/><\/a>\n\t\t\t<\/dt>\n\t\t\t\t<dd class='wp-caption-text gallery-caption' id='gallery-1-979'>\n\t\t\t\tWolfgang im Vormast, Beleuchtungsprobleme?\n(C) f.s.\n\t\t\t\t<\/dd><\/dl><br style=\"clear: both\" \/><dl class='gallery-item'>\n\t\t\t<dt class='gallery-icon portrait'>\n\t\t\t\t<a href='https:\/\/perlduekkers-seefahrt.de\/wp-content\/uploads\/2014\/06\/IMG.jpg'><img width=\"150\" height=\"150\" src=\"https:\/\/perlduekkers-seefahrt.de\/wp-content\/uploads\/2014\/06\/IMG-150x150.jpg\" class=\"attachment-thumbnail size-thumbnail\" alt=\"\" loading=\"lazy\" aria-describedby=\"gallery-1-978\" \/><\/a>\n\t\t\t<\/dt>\n\t\t\t\t<dd class='wp-caption-text gallery-caption' id='gallery-1-978'>\n\t\t\t\tHolzl\u00f6schen in Kiel von M.S. &#8222;ELEONORE&#8220;\n(C) f.s.\n\t\t\t\t<\/dd><\/dl>\n\t\t\t<br style='clear: both' \/>\n\t\t<\/div>\n\n\n<table id=\"tablepress-11\" class=\"tablepress tablepress-id-11\">\n<tbody class=\"row-hover\">\n<tr class=\"row-1 odd\">\n\t<td class=\"column-1\"><strong>Eigner:<\/strong><\/td><td class=\"column-2\">Heinrich Vor-Schmidth\u00f6fen<br \/>\n<\/td>\n<\/tr>\n<tr class=\"row-2 even\">\n\t<td class=\"column-1\"><strong>Bereederung:<\/strong><\/td><td class=\"column-2\">Reederei, Heinrich Vor-Schmidth\u00f6fen<br \/>\n<\/td>\n<\/tr>\n<tr class=\"row-3 odd\">\n\t<td class=\"column-1\"><strong>Unterscheidungssignal:<\/strong><\/td><td class=\"column-2\">DIRL<\/td>\n<\/tr>\n<tr class=\"row-4 even\">\n\t<td class=\"column-1\"><strong>Heimathafen:<\/strong><\/td><td class=\"column-2\">Dornbusch<\/td>\n<\/tr>\n<tr class=\"row-5 odd\">\n\t<td class=\"column-1\"><strong>L\u00e4nge:<\/strong><\/td><td class=\"column-2\">35,96 m<br \/>\n<\/td>\n<\/tr>\n<tr class=\"row-6 even\">\n\t<td class=\"column-1\"><strong>Breite:<\/strong><\/td><td class=\"column-2\">7,03m<br \/>\n<\/td>\n<\/tr>\n<tr class=\"row-7 odd\">\n\t<td class=\"column-1\"><strong>Tiefgang:<\/strong><\/td><td class=\"column-2\">2,97m Seitenh\u00f6he<br \/>\n<\/td>\n<\/tr>\n<tr class=\"row-8 even\">\n\t<td class=\"column-1\"><\/td><td class=\"column-2\"><\/td>\n<\/tr>\n<tr class=\"row-9 odd\">\n\t<td class=\"column-1\"><strong>Tonnage Volldecker<\/strong><\/td><td class=\"column-2\"><\/td>\n<\/tr>\n<tr class=\"row-10 even\">\n\t<td class=\"column-1\"><strong>GRT:<\/strong><\/td><td class=\"column-2\">211 Brt.<br \/>\n<\/td>\n<\/tr>\n<tr class=\"row-11 odd\">\n\t<td class=\"column-1\"><strong>NRT:<\/strong><\/td><td class=\"column-2\"><\/td>\n<\/tr>\n<tr class=\"row-12 even\">\n\t<td class=\"column-1\"><strong>tdw:<\/strong><\/td><td class=\"column-2\">305 tdw.<br \/>\n<\/td>\n<\/tr>\n<tr class=\"row-13 odd\">\n\t<td class=\"column-1\"><\/td><td class=\"column-2\"><\/td>\n<\/tr>\n<tr class=\"row-14 even\">\n\t<td class=\"column-1\"><strong>Tonnage Freidecker<\/strong><\/td><td class=\"column-2\"><\/td>\n<\/tr>\n<tr class=\"row-15 odd\">\n\t<td class=\"column-1\"><strong>GRT:<\/strong><\/td><td class=\"column-2\"><\/td>\n<\/tr>\n<tr class=\"row-16 even\">\n\t<td class=\"column-1\"><strong>NRT:<\/strong><\/td><td class=\"column-2\"><\/td>\n<\/tr>\n<tr class=\"row-17 odd\">\n\t<td class=\"column-1\"><strong>tdw:<\/strong><\/td><td class=\"column-2\"><\/td>\n<\/tr>\n<tr class=\"row-18 even\">\n\t<td class=\"column-1\"><\/td><td class=\"column-2\"><\/td>\n<\/tr>\n<tr class=\"row-19 odd\">\n\t<td class=\"column-1\"><strong>Cont.Stellpl\u00e4tze:<\/strong><\/td><td class=\"column-2\">zwei Luken, Scheerst\u00f6cke, Holzdeckel, Persenning.<br \/>\n<\/td>\n<\/tr>\n<tr class=\"row-20 even\">\n\t<td class=\"column-1\"><strong>Hauptmotor:<\/strong><\/td><td class=\"column-2\">4 Zylinder \/ 4 Takt \/ Deutsche Werke, Kiel AG 200 PS<br \/>\n<\/td>\n<\/tr>\n<tr class=\"row-21 odd\">\n\t<td class=\"column-1\"><strong>Geschwindigkeit:<\/strong><\/td><td class=\"column-2\">8 Knoten<br \/>\n<\/td>\n<\/tr>\n<tr class=\"row-22 even\">\n\t<td class=\"column-1\"><strong>Bauwerft:<\/strong><\/td><td class=\"column-2\">Werft Nobiskrug,<br \/>\nRendsburg<\/td>\n<\/tr>\n<tr class=\"row-23 odd\">\n\t<td class=\"column-1\"><strong>Stapellauf:<\/strong><\/td><td class=\"column-2\">29.07.1938<br \/>\n<\/td>\n<\/tr>\n<tr class=\"row-24 even\">\n\t<td class=\"column-1\"><strong>Indienststellung:<\/strong><\/td><td class=\"column-2\">1938<\/td>\n<\/tr>\n<tr class=\"row-25 odd\">\n\t<td class=\"column-1\"><strong>Charter Namen:<\/strong><\/td><td class=\"column-2\">Als \"BRAUNAU\" f\u00fcr Fritz Freudenberg \/ Uetersen, abgeliefert 15.10.1938 <br \/>\n<\/td>\n<\/tr>\n<tr class=\"row-26 even\">\n\t<td class=\"column-1\"><strong>Verbleib:<\/strong><\/td><td class=\"column-2\">Verbleib \/ Legende:<br \/>\n11.04.1939 Einsatz f\u00fcr die Kriegsmarine Indendantur Kiel.<br \/>\n20.08.1940 Einsatz beim Unternehmen \"Seel\u00f6we\".<br \/>\n14.12.1940 R\u00fcckgabe an Herrn Kapt\u00e4n Freudenberg.<br \/>\nJuni 1947 umbenannt in \"ELEONORE\".<br \/>\nM\u00e4rz 1950 von der Nobiskrugwerft auf 40,73 m verl\u00e4ngert, nun 249 Brt. und 340 Tdw.<br \/>\nM\u00e4rz 1953 in Hamburg erh\u00f6ht, Seiten H\u00f6he nun 3,37 m, 283 Brt, und 420 Tdw.<br \/>\nJanuar 1961 an Heinrich Vor Schmidtsh\u00f6fen, Dornbusch, kein Namenswechsel.<br \/>\nDrittes Quartal 1970 in Deutschland abgewrackt.<\/td>\n<\/tr>\n<\/tbody>\n<\/table>\n<!-- #tablepress-11 from cache -->\n<ul>\n<li><a title=\"Schiffe\" href=\"https:\/\/perlduekkers-seefahrt.de\/?page_id=20\">\u00a0zur\u00fcck zur \u00dcbersicht<\/a><\/li>\n<\/ul>\n","protected":false},"excerpt":{"rendered":"<p>\u00a0zur\u00fcck zur \u00dcbersicht<\/p>\n","protected":false},"author":1,"featured_media":0,"parent":20,"menu_order":0,"comment_status":"closed","ping_status":"open","template":"","meta":[],"_links":{"self":[{"href":"https:\/\/perlduekkers-seefahrt.de\/index.php?rest_route=\/wp\/v2\/pages\/277"}],"collection":[{"href":"https:\/\/perlduekkers-seefahrt.de\/index.php?rest_route=\/wp\/v2\/pages"}],"about":[{"href":"https:\/\/perlduekkers-seefahrt.de\/index.php?rest_route=\/wp\/v2\/types\/page"}],"author":[{"embeddable":true,"href":"https:\/\/perlduekkers-seefahrt.de\/index.php?rest_route=\/wp\/v2\/users\/1"}],"replies":[{"embeddable":true,"href":"https:\/\/perlduekkers-seefahrt.de\/index.php?rest_route=%2Fwp%2Fv2%2Fcomments&post=277"}],"version-history":[{"count":9,"href":"https:\/\/perlduekkers-seefahrt.de\/index.php?rest_route=\/wp\/v2\/pages\/277\/revisions"}],"predecessor-version":[{"id":35644,"href":"https:\/\/perlduekkers-seefahrt.de\/index.php?rest_route=\/wp\/v2\/pages\/277\/revisions\/35644"}],"up":[{"embeddable":true,"href":"https:\/\/perlduekkers-seefahrt.de\/index.php?rest_route=\/wp\/v2\/pages\/20"}],"wp:attachment":[{"href":"https:\/\/perlduekkers-seefahrt.de\/index.php?rest_route=%2Fwp%2Fv2%2Fmedia&parent=277"}],"curies":[{"name":"wp","href":"https:\/\/api.w.org\/{rel}","templated":true}]}}