{"id":16,"date":"2014-06-02T15:04:57","date_gmt":"2014-06-02T15:04:57","guid":{"rendered":"http:\/\/wp.perlduekkers-seefahrt.de\/?page_id=16"},"modified":"2018-06-02T08:51:50","modified_gmt":"2018-06-02T08:51:50","slug":"alte-geschichten","status":"publish","type":"page","link":"https:\/\/perlduekkers-seefahrt.de\/?page_id=16","title":{"rendered":"Alte Geschichten"},"content":{"rendered":"<ul>\n<li><a title=\"MARIE REITH St\u00fcckgutfrachter (Tramp \u2013 weltweit)\" href=\"https:\/\/perlduekkers-seefahrt.de\/?page_id=120\">MARIE REITH St\u00fcckgutfrachter (Tramp &#8211; weltweit)<\/a><\/li>\n<li><a title=\"BUCHHOLZ \/ K\u00fcstenmotorschiff\" href=\"https:\/\/perlduekkers-seefahrt.de\/?page_id=122\">BUCHHOLZ \/ K\u00fcstenmotorschiff<\/a><\/li>\n<li><a title=\"CLARITA SCHROEDER Stueckgutfrachter (Tramp weltweit)\" href=\"https:\/\/perlduekkers-seefahrt.de\/?page_id=124\">CLARITA SCHROEDER Stueckgutfrachter (Tramp weltweit)<\/a><\/li>\n<li><a title=\"ELEONORE \/ K\u00fcstenmotorschiff\" href=\"https:\/\/perlduekkers-seefahrt.de\/?page_id=126\">ELEONORE \/ K\u00fcstenmotorschiff<\/a><\/li>\n<li><a title=\"ELSA ESSBERGER \/ Motortankschiff\" href=\"https:\/\/perlduekkers-seefahrt.de\/?page_id=128\">ELSA ESSBERGER \/ Motortankschiff<\/a><\/li>\n<li><a title=\"HILDEGARD PETERS mittlere Fahrt\" href=\"https:\/\/perlduekkers-seefahrt.de\/?page_id=130\">HILDEGARD PETERS mittlere Fahrt<\/a><\/li>\n<li><a title=\"HORNGOLF St\u00fcckgutfrachter (Karibik)\" href=\"https:\/\/perlduekkers-seefahrt.de\/?page_id=132\">HORNGOLF St\u00fcckgutfrachter (Karibik)<\/a><\/li>\n<li><a title=\"HORNMEER St\u00fcckgutfrachter (Karibik)\" href=\"https:\/\/perlduekkers-seefahrt.de\/?page_id=134\">HORNMEER St\u00fcckgutfrachter (Karibik)<\/a><\/li>\n<li><a title=\"MS SCHAUENBURG St\u00fcckgutfrachter Westafrika\" href=\"https:\/\/perlduekkers-seefahrt.de\/?page_id=136\">MS SCHAUENBURG St\u00fcckgutfrachter Westrafrika\u00a0<strong>UNBEDINGT LESEN!!!!<\/strong><\/a><\/li>\n<li><a title=\"PAUL SCHROEDER St\u00fcckgutfrachter (Tramp \u2013 weltweit)\" href=\"https:\/\/perlduekkers-seefahrt.de\/?page_id=138\">PAUL SCHROEDER Stueckgutfrachter (Tramp &#8211; weltweit)<\/a><\/li>\n<li><a title=\"TRANSAMERIKA (2) Semi Container Schiff \/ Kanada, gro\u00dfe Seen\" href=\"https:\/\/perlduekkers-seefahrt.de\/?page_id=140\">TRANSAMERIKA (2) Semi Container Schiff \/ Kanada, gro\u00dfe Seen<\/a><\/li>\n<\/ul>\n<p>&nbsp;<\/p>\n","protected":false},"excerpt":{"rendered":"<p>MARIE REITH St\u00fcckgutfrachter (Tramp &#8211; weltweit) BUCHHOLZ \/ K\u00fcstenmotorschiff CLARITA SCHROEDER Stueckgutfrachter (Tramp weltweit) ELEONORE \/ K\u00fcstenmotorschiff ELSA ESSBERGER \/ Motortankschiff HILDEGARD PETERS mittlere Fahrt HORNGOLF St\u00fcckgutfrachter (Karibik) HORNMEER St\u00fcckgutfrachter (Karibik) MS SCHAUENBURG St\u00fcckgutfrachter Westrafrika\u00a0UNBEDINGT LESEN!!!! PAUL SCHROEDER Stueckgutfrachter (Tramp &#8211; weltweit) TRANSAMERIKA (2) Semi Container Schiff \/ Kanada, gro\u00dfe Seen &nbsp;<\/p>\n","protected":false},"author":1,"featured_media":0,"parent":0,"menu_order":9,"comment_status":"closed","ping_status":"closed","template":"","meta":[],"_links":{"self":[{"href":"https:\/\/perlduekkers-seefahrt.de\/index.php?rest_route=\/wp\/v2\/pages\/16"}],"collection":[{"href":"https:\/\/perlduekkers-seefahrt.de\/index.php?rest_route=\/wp\/v2\/pages"}],"about":[{"href":"https:\/\/perlduekkers-seefahrt.de\/index.php?rest_route=\/wp\/v2\/types\/page"}],"author":[{"embeddable":true,"href":"https:\/\/perlduekkers-seefahrt.de\/index.php?rest_route=\/wp\/v2\/users\/1"}],"replies":[{"embeddable":true,"href":"https:\/\/perlduekkers-seefahrt.de\/index.php?rest_route=%2Fwp%2Fv2%2Fcomments&post=16"}],"version-history":[{"count":4,"href":"https:\/\/perlduekkers-seefahrt.de\/index.php?rest_route=\/wp\/v2\/pages\/16\/revisions"}],"predecessor-version":[{"id":35592,"href":"https:\/\/perlduekkers-seefahrt.de\/index.php?rest_route=\/wp\/v2\/pages\/16\/revisions\/35592"}],"wp:attachment":[{"href":"https:\/\/perlduekkers-seefahrt.de\/index.php?rest_route=%2Fwp%2Fv2%2Fmedia&parent=16"}],"curies":[{"name":"wp","href":"https:\/\/api.w.org\/{rel}","templated":true}]}}