{"id":150,"date":"2014-06-02T17:17:06","date_gmt":"2014-06-02T17:17:06","guid":{"rendered":"http:\/\/wp.perlduekkers-seefahrt.de\/?page_id=150"},"modified":"2018-06-02T09:20:35","modified_gmt":"2018-06-02T09:20:35","slug":"31-08-2006-amazon-news","status":"publish","type":"page","link":"https:\/\/perlduekkers-seefahrt.de\/?page_id=150","title":{"rendered":"31.08.2006 &#8211; Amazon NEWS"},"content":{"rendered":"<ul>\n<li><strong>Erschienen:\u00a0<\/strong>Amazon NEWS<\/li>\n<li><strong>Datum:\u00a0<\/strong>31.08.2006<\/li>\n<li><strong>Autor:<\/strong><\/li>\n<\/ul>\n<p>Hallo lieber Betrachter dieser Seiten,\u00a0hier eine Kleinigkeit in eigener Sache.<\/p>\n<p style=\"text-align: justify;\">J\u00fcngst gesehen auf der Internetseite von &#8222;AMAZON&#8220; unter B\u00fccher.<br \/>\nMein Buch &#8222;Seefahrt 1966 pur und ohne Schnoerkel&#8220; ISBN 3-8334-4382-0 wird dort pr\u00e4sentiert und von nun an auch mit einem so genanntem &#8222;search inside&#8220;. Was hei\u00dfen soll, jeder der bei AMAZON mein Buch aufruft kann einen gro\u00dfen Teil des ersten Kapitels lesen, und sich somit einen kleinen Eindruck meines Buches verschaffen.<\/p>\n<p>Ich w\u00fcnsche viel Spa\u00df beim Lesen<\/p>\n<p>Fiete<br \/>\n(Perld\u00fckker)<\/p>\n<ul>\n<li><a title=\"Logbuch\" href=\"https:\/\/perlduekkers-seefahrt.de\/?page_id=18\">zur\u00fcck zur \u00dcbersicht<\/a><\/li>\n<\/ul>\n","protected":false},"excerpt":{"rendered":"<p>Erschienen:\u00a0Amazon NEWS Datum:\u00a031.08.2006 Autor: Hallo lieber Betrachter dieser Seiten,\u00a0hier eine Kleinigkeit in eigener Sache. J\u00fcngst gesehen auf der Internetseite von &#8222;AMAZON&#8220; unter B\u00fccher. Mein Buch &#8222;Seefahrt 1966 pur und ohne Schnoerkel&#8220; ISBN 3-8334-4382-0 wird dort pr\u00e4sentiert und von nun an auch mit einem so genanntem &#8222;search inside&#8220;. Was hei\u00dfen soll, jeder der bei AMAZON mein [&hellip;]<\/p>\n","protected":false},"author":1,"featured_media":0,"parent":18,"menu_order":0,"comment_status":"closed","ping_status":"closed","template":"","meta":[],"_links":{"self":[{"href":"https:\/\/perlduekkers-seefahrt.de\/index.php?rest_route=\/wp\/v2\/pages\/150"}],"collection":[{"href":"https:\/\/perlduekkers-seefahrt.de\/index.php?rest_route=\/wp\/v2\/pages"}],"about":[{"href":"https:\/\/perlduekkers-seefahrt.de\/index.php?rest_route=\/wp\/v2\/types\/page"}],"author":[{"embeddable":true,"href":"https:\/\/perlduekkers-seefahrt.de\/index.php?rest_route=\/wp\/v2\/users\/1"}],"replies":[{"embeddable":true,"href":"https:\/\/perlduekkers-seefahrt.de\/index.php?rest_route=%2Fwp%2Fv2%2Fcomments&post=150"}],"version-history":[{"count":4,"href":"https:\/\/perlduekkers-seefahrt.de\/index.php?rest_route=\/wp\/v2\/pages\/150\/revisions"}],"predecessor-version":[{"id":35619,"href":"https:\/\/perlduekkers-seefahrt.de\/index.php?rest_route=\/wp\/v2\/pages\/150\/revisions\/35619"}],"up":[{"embeddable":true,"href":"https:\/\/perlduekkers-seefahrt.de\/index.php?rest_route=\/wp\/v2\/pages\/18"}],"wp:attachment":[{"href":"https:\/\/perlduekkers-seefahrt.de\/index.php?rest_route=%2Fwp%2Fv2%2Fmedia&parent=150"}],"curies":[{"name":"wp","href":"https:\/\/api.w.org\/{rel}","templated":true}]}}