{"id":138,"date":"2014-06-02T16:03:26","date_gmt":"2014-06-02T16:03:26","guid":{"rendered":"http:\/\/wp.perlduekkers-seefahrt.de\/?page_id=138"},"modified":"2018-06-02T08:54:48","modified_gmt":"2018-06-02T08:54:48","slug":"paul-schroeder-stueckgutfrachter-tramp-weltweit","status":"publish","type":"page","link":"https:\/\/perlduekkers-seefahrt.de\/?page_id=138","title":{"rendered":"PAUL SCHROEDER St\u00fcckgutfrachter (Tramp &#8211; weltweit)"},"content":{"rendered":"<p style=\"text-align: justify;\">Im Sommer 1972 ging ich auf die &#8222;Paul Schr\u00f6der&#8220;.<br \/>\nTrampschiffahrt muss man m\u00f6gen, denn wie hei\u00dft es so sch\u00f6n, keiner wei\u00df wo wir Morgen hinsegeln.\u00a0Wir segelten zuerst einmal \u00fcber den gro\u00dfen Teich in die Karibik nach Port of Spain.\u00a0Ich wei\u00df noch genau, es war meine erste Reise als Matrose. Warum muss man eigentlich immer so viel ausgeben? Wenn man doch schon Matrose ist?\u00a0Von Port of Spain ging es in\u00b4s Amazonas Delta, Edelh\u00f6lzer laden f\u00fcr Frankreich.\u00a0Bevor wir Brasilien verliessen haben wir noch ein Fussballspiel absolviert, nat\u00fcrlich gegen Brasilianer, auf einem Platz im Dschungel der total mit S\u00e4gemehl abgestreut war. Erstens haben wir verloren, zweitens sahen wir aus wie die Schweine.\u00a0Von La Rochelle aus fuhren wir wieder in die Karibik und klapperten dort ein paar Inseln ab.\u00a0Das ist mir aber irgendwie nicht so gut bekommen und ich musste in Tampa ins Krankenhaus und wurde von dort aus nach Hamburg geflogen.\u00a0Sehr schade, w\u00e4re noch gerne l\u00e4nger auf dem Dampfer geblieben.<\/p>\n<p style=\"text-align: justify;\">Super Crew, gr\u00fc\u00dfe euch alle, wo ihr auch sein m\u00f6gt; Andreas, Koch Sch\u00f6tteldreier, Ing.-Assi. Lapp, Bootsmann Putz und den Leichtmatrosen Gerd Neumann.<\/p>\n<ul>\n<li><a title=\"Alte Geschichten\" href=\"https:\/\/perlduekkers-seefahrt.de\/?page_id=16\">zur\u00fcck zur \u00dcbersicht<\/a><\/li>\n<\/ul>\n","protected":false},"excerpt":{"rendered":"<p>Im Sommer 1972 ging ich auf die &#8222;Paul Schr\u00f6der&#8220;. Trampschiffahrt muss man m\u00f6gen, denn wie hei\u00dft es so sch\u00f6n, keiner wei\u00df wo wir Morgen hinsegeln.\u00a0Wir segelten zuerst einmal \u00fcber den gro\u00dfen Teich in die Karibik nach Port of Spain.\u00a0Ich wei\u00df noch genau, es war meine erste Reise als Matrose. Warum muss man eigentlich immer so [&hellip;]<\/p>\n","protected":false},"author":1,"featured_media":0,"parent":16,"menu_order":0,"comment_status":"closed","ping_status":"closed","template":"","meta":[],"_links":{"self":[{"href":"https:\/\/perlduekkers-seefahrt.de\/index.php?rest_route=\/wp\/v2\/pages\/138"}],"collection":[{"href":"https:\/\/perlduekkers-seefahrt.de\/index.php?rest_route=\/wp\/v2\/pages"}],"about":[{"href":"https:\/\/perlduekkers-seefahrt.de\/index.php?rest_route=\/wp\/v2\/types\/page"}],"author":[{"embeddable":true,"href":"https:\/\/perlduekkers-seefahrt.de\/index.php?rest_route=\/wp\/v2\/users\/1"}],"replies":[{"embeddable":true,"href":"https:\/\/perlduekkers-seefahrt.de\/index.php?rest_route=%2Fwp%2Fv2%2Fcomments&post=138"}],"version-history":[{"count":3,"href":"https:\/\/perlduekkers-seefahrt.de\/index.php?rest_route=\/wp\/v2\/pages\/138\/revisions"}],"predecessor-version":[{"id":35602,"href":"https:\/\/perlduekkers-seefahrt.de\/index.php?rest_route=\/wp\/v2\/pages\/138\/revisions\/35602"}],"up":[{"embeddable":true,"href":"https:\/\/perlduekkers-seefahrt.de\/index.php?rest_route=\/wp\/v2\/pages\/16"}],"wp:attachment":[{"href":"https:\/\/perlduekkers-seefahrt.de\/index.php?rest_route=%2Fwp%2Fv2%2Fmedia&parent=138"}],"curies":[{"name":"wp","href":"https:\/\/api.w.org\/{rel}","templated":true}]}}