{"id":132,"date":"2014-06-02T16:01:44","date_gmt":"2014-06-02T16:01:44","guid":{"rendered":"http:\/\/wp.perlduekkers-seefahrt.de\/?page_id=132"},"modified":"2018-06-02T08:53:46","modified_gmt":"2018-06-02T08:53:46","slug":"horngolf-stueckgutfrachter-karibik","status":"publish","type":"page","link":"https:\/\/perlduekkers-seefahrt.de\/?page_id=132","title":{"rendered":"HORNGOLF St\u00fcckgutfrachter (Karibik)"},"content":{"rendered":"<p style=\"text-align: justify;\">Das Kapitel Hornmeer war nun samt dem Unfall und dem Krankenhausaufenthalt in Port of Spain abgehakt.<\/p>\n<p style=\"text-align: justify;\">Mit der Horngolf erlebte ich 1970 einen sehr besinnliches Weihnachtsfest auf See.\u00a0Als ich mich am ersten Weihnachtstag mittags auf Wache hangelte griente mich unser Kapit\u00e4n an und meinte nur sehr trocken: &#8222;Frohe Weihnachten Herr Synold, endlich mal wei\u00dfe Weihnacht, sch\u00f6n oder nicht?&#8220;\u00a0Mein Blick folgte seinem ausgestreckten Arm und ich sah nur Schaumk\u00f6pfe auf den Wellen. Windst\u00e4rke 9-10, kein Wunder, aber ich gab ihm Recht, wei\u00dfe Weihnacht.<\/p>\n<p style=\"text-align: justify;\">In der Karibik hatte ich auf der Horngolf keine so sch\u00f6ne Zeit, ich bekam tropische Ruhr. Wer diese Krankheit schon einmal hatte der weiss welch ein Jammertal man durchlebt, spucken und Durchfall gleichzeitig. W\u00fcnscht man keinem. Kurz vor Puerto Cort\u00e9s ging es mir wieder etwas besser und da wir Nachts arbeiten sollten, hatte ich beim Funker kein Geld aufgenommen, sonder wollte in der Luke Gabelstapler fahren.\u00a0(Die Hornschiffe hatten an Backbordseite vorn eine Garage mit zwei bordeigenen Gabelstaplern).\u00a0Kurz vor sieben abends kam der Scheich in meine Kammer und erkl\u00e4rte mir ich brauche nicht mehr in die Luke, die Docker regeln das irgendwie anders. Okay, kann ich ja schlafen! Nein, meinte der Scheich, wir gehen an Land. Ich hab doch gar kein Geld. Egal, ich bezahl alles, auch die Popperei.<br \/>\nNa denn man los.<\/p>\n<p style=\"text-align: justify;\">Ich kann euch sagen es war eine herrliche Nacht.\u00a0Der Haken bei der Sache war nur, dass wir fast den Dampfer verpasst h\u00e4tten, morgens um Punkt sechs zog der Alte am Typhon und wir lagen noch im Puff in der Koje.\u00a0Wir sind im Tiefflug die Hauptstrasse runter und der Dampfer begann schon auf der Achterspring von der Pier abzulegen.Irgendjemand warf uns einen Tampen zu, an dem hangelten wir uns an Bord. Geschafft, nicht Achteraus gesegelt. Gelungener Landgang.<\/p>\n<p style=\"text-align: justify;\">Das war eine kleine Anekdote von der Horngolf.<\/p>\n<ul>\n<li><a title=\"Alte Geschichten\" href=\"https:\/\/perlduekkers-seefahrt.de\/?page_id=16\">zur\u00fcck zur \u00dcbersicht<\/a><\/li>\n<\/ul>\n","protected":false},"excerpt":{"rendered":"<p>Das Kapitel Hornmeer war nun samt dem Unfall und dem Krankenhausaufenthalt in Port of Spain abgehakt. Mit der Horngolf erlebte ich 1970 einen sehr besinnliches Weihnachtsfest auf See.\u00a0Als ich mich am ersten Weihnachtstag mittags auf Wache hangelte griente mich unser Kapit\u00e4n an und meinte nur sehr trocken: &#8222;Frohe Weihnachten Herr Synold, endlich mal wei\u00dfe Weihnacht, [&hellip;]<\/p>\n","protected":false},"author":1,"featured_media":0,"parent":16,"menu_order":0,"comment_status":"closed","ping_status":"closed","template":"","meta":[],"_links":{"self":[{"href":"https:\/\/perlduekkers-seefahrt.de\/index.php?rest_route=\/wp\/v2\/pages\/132"}],"collection":[{"href":"https:\/\/perlduekkers-seefahrt.de\/index.php?rest_route=\/wp\/v2\/pages"}],"about":[{"href":"https:\/\/perlduekkers-seefahrt.de\/index.php?rest_route=\/wp\/v2\/types\/page"}],"author":[{"embeddable":true,"href":"https:\/\/perlduekkers-seefahrt.de\/index.php?rest_route=\/wp\/v2\/users\/1"}],"replies":[{"embeddable":true,"href":"https:\/\/perlduekkers-seefahrt.de\/index.php?rest_route=%2Fwp%2Fv2%2Fcomments&post=132"}],"version-history":[{"count":3,"href":"https:\/\/perlduekkers-seefahrt.de\/index.php?rest_route=\/wp\/v2\/pages\/132\/revisions"}],"predecessor-version":[{"id":35598,"href":"https:\/\/perlduekkers-seefahrt.de\/index.php?rest_route=\/wp\/v2\/pages\/132\/revisions\/35598"}],"up":[{"embeddable":true,"href":"https:\/\/perlduekkers-seefahrt.de\/index.php?rest_route=\/wp\/v2\/pages\/16"}],"wp:attachment":[{"href":"https:\/\/perlduekkers-seefahrt.de\/index.php?rest_route=%2Fwp%2Fv2%2Fmedia&parent=132"}],"curies":[{"name":"wp","href":"https:\/\/api.w.org\/{rel}","templated":true}]}}