{"id":130,"date":"2014-06-02T16:01:08","date_gmt":"2014-06-02T16:01:08","guid":{"rendered":"http:\/\/wp.perlduekkers-seefahrt.de\/?page_id=130"},"modified":"2018-06-02T08:53:26","modified_gmt":"2018-06-02T08:53:26","slug":"hildegard-peters-mittlere-fahrt","status":"publish","type":"page","link":"https:\/\/perlduekkers-seefahrt.de\/?page_id=130","title":{"rendered":"HILDEGARD PETERS mittlere Fahrt"},"content":{"rendered":"<p style=\"text-align: justify;\">Ein &#8222;herrliches&#8220; Schiff, mit Versaufloch. Ehemaliger, alter Steamer. Baujahr irgendwie 1930 ???<br \/>\nMitte 1968 musterte ich auf der Hildegard, in Brake Unterweser, an.\u00a0Die erste Reise ging von Brake nach Spanien, eine Ladung Koks (Brennmaterial), voll Schiff mit Decksladung. So einen Dreck kann sich keiner vorstellen, der nicht mindestens einmal dieses Produkt transportiert hat.\u00a0Danach haben wir Salz auf Ibiza Reede geladen, f\u00fcr Norwegen. Hierzu durften wir auf unserer Rostm\u00f6hre von Dampfer, s\u00e4mtliche Lader\u00e4ume mit ungel\u00f6schtem Kalk witschern.\u00a0Nach Norwegen sind wir Linie Rotterdam \/ Archangelsk gefahren, Schnittholz f\u00fcr die Niederlande. Selbstverst\u00e4ndlich immer mit Deckslast.\u00a0Ungem\u00fctlich wurde es auf diesen Reisen immer nur ums Nordkap und die Ecke vor Murmansk. Da oben hatten wir hin und wieder doch allerhand Wind.<\/p>\n<ul>\n<li><a title=\"Alte Geschichten\" href=\"https:\/\/perlduekkers-seefahrt.de\/?page_id=16\">zur\u00fcck zur \u00dcbersicht<\/a><\/li>\n<\/ul>\n","protected":false},"excerpt":{"rendered":"<p>Ein &#8222;herrliches&#8220; Schiff, mit Versaufloch. Ehemaliger, alter Steamer. Baujahr irgendwie 1930 ??? Mitte 1968 musterte ich auf der Hildegard, in Brake Unterweser, an.\u00a0Die erste Reise ging von Brake nach Spanien, eine Ladung Koks (Brennmaterial), voll Schiff mit Decksladung. So einen Dreck kann sich keiner vorstellen, der nicht mindestens einmal dieses Produkt transportiert hat.\u00a0Danach haben wir [&hellip;]<\/p>\n","protected":false},"author":1,"featured_media":0,"parent":16,"menu_order":0,"comment_status":"closed","ping_status":"closed","template":"","meta":[],"_links":{"self":[{"href":"https:\/\/perlduekkers-seefahrt.de\/index.php?rest_route=\/wp\/v2\/pages\/130"}],"collection":[{"href":"https:\/\/perlduekkers-seefahrt.de\/index.php?rest_route=\/wp\/v2\/pages"}],"about":[{"href":"https:\/\/perlduekkers-seefahrt.de\/index.php?rest_route=\/wp\/v2\/types\/page"}],"author":[{"embeddable":true,"href":"https:\/\/perlduekkers-seefahrt.de\/index.php?rest_route=\/wp\/v2\/users\/1"}],"replies":[{"embeddable":true,"href":"https:\/\/perlduekkers-seefahrt.de\/index.php?rest_route=%2Fwp%2Fv2%2Fcomments&post=130"}],"version-history":[{"count":3,"href":"https:\/\/perlduekkers-seefahrt.de\/index.php?rest_route=\/wp\/v2\/pages\/130\/revisions"}],"predecessor-version":[{"id":35597,"href":"https:\/\/perlduekkers-seefahrt.de\/index.php?rest_route=\/wp\/v2\/pages\/130\/revisions\/35597"}],"up":[{"embeddable":true,"href":"https:\/\/perlduekkers-seefahrt.de\/index.php?rest_route=\/wp\/v2\/pages\/16"}],"wp:attachment":[{"href":"https:\/\/perlduekkers-seefahrt.de\/index.php?rest_route=%2Fwp%2Fv2%2Fmedia&parent=130"}],"curies":[{"name":"wp","href":"https:\/\/api.w.org\/{rel}","templated":true}]}}