{"id":128,"date":"2014-06-02T16:00:31","date_gmt":"2014-06-02T16:00:31","guid":{"rendered":"http:\/\/wp.perlduekkers-seefahrt.de\/?page_id=128"},"modified":"2018-06-02T08:55:56","modified_gmt":"2018-06-02T08:55:56","slug":"elsa-essberger-motortankschiff","status":"publish","type":"page","link":"https:\/\/perlduekkers-seefahrt.de\/?page_id=128","title":{"rendered":"ELSA ESSBERGER \/ Motortankschiff"},"content":{"rendered":"<p style=\"text-align: justify;\">Die Elsa Essberger war mein erstes Schiff auf dem ich zur See fuhr. An Bord der Elsa erlebte ich meine erste Reise von Hamburg in die Karibik (Aruba\/St.Nicolas) und wieder zur\u00fcck nach Hamburg.<\/p>\n<p style=\"text-align: justify;\">\u00dcber diese Reise habe ich ein\u00a0<a title=\"SEEFAHRT 1966 PUR UND OHNE SCHNOERKEL\" href=\"https:\/\/perlduekkers-seefahrt.de\/?page_id=75\">Buch\u00a0<\/a>geschrieben und im M\u00e4rz 2006 ver\u00f6ffentlicht.<\/p>\n<ul>\n<li><a title=\"Alte Geschichten\" href=\"https:\/\/perlduekkers-seefahrt.de\/?page_id=16\">zur\u00fcck zur \u00dcbersicht<\/a><\/li>\n<\/ul>\n","protected":false},"excerpt":{"rendered":"<p>Die Elsa Essberger war mein erstes Schiff auf dem ich zur See fuhr. An Bord der Elsa erlebte ich meine erste Reise von Hamburg in die Karibik (Aruba\/St.Nicolas) und wieder zur\u00fcck nach Hamburg. \u00dcber diese Reise habe ich ein\u00a0Buch\u00a0geschrieben und im M\u00e4rz 2006 ver\u00f6ffentlicht. zur\u00fcck zur \u00dcbersicht<\/p>\n","protected":false},"author":1,"featured_media":0,"parent":16,"menu_order":0,"comment_status":"closed","ping_status":"closed","template":"","meta":[],"_links":{"self":[{"href":"https:\/\/perlduekkers-seefahrt.de\/index.php?rest_route=\/wp\/v2\/pages\/128"}],"collection":[{"href":"https:\/\/perlduekkers-seefahrt.de\/index.php?rest_route=\/wp\/v2\/pages"}],"about":[{"href":"https:\/\/perlduekkers-seefahrt.de\/index.php?rest_route=\/wp\/v2\/types\/page"}],"author":[{"embeddable":true,"href":"https:\/\/perlduekkers-seefahrt.de\/index.php?rest_route=\/wp\/v2\/users\/1"}],"replies":[{"embeddable":true,"href":"https:\/\/perlduekkers-seefahrt.de\/index.php?rest_route=%2Fwp%2Fv2%2Fcomments&post=128"}],"version-history":[{"count":4,"href":"https:\/\/perlduekkers-seefahrt.de\/index.php?rest_route=\/wp\/v2\/pages\/128\/revisions"}],"predecessor-version":[{"id":35604,"href":"https:\/\/perlduekkers-seefahrt.de\/index.php?rest_route=\/wp\/v2\/pages\/128\/revisions\/35604"}],"up":[{"embeddable":true,"href":"https:\/\/perlduekkers-seefahrt.de\/index.php?rest_route=\/wp\/v2\/pages\/16"}],"wp:attachment":[{"href":"https:\/\/perlduekkers-seefahrt.de\/index.php?rest_route=%2Fwp%2Fv2%2Fmedia&parent=128"}],"curies":[{"name":"wp","href":"https:\/\/api.w.org\/{rel}","templated":true}]}}