{"id":126,"date":"2014-06-02T15:59:10","date_gmt":"2014-06-02T15:59:10","guid":{"rendered":"http:\/\/wp.perlduekkers-seefahrt.de\/?page_id=126"},"modified":"2018-06-02T08:52:53","modified_gmt":"2018-06-02T08:52:53","slug":"eleonore-kuestenmotorschiff","status":"publish","type":"page","link":"https:\/\/perlduekkers-seefahrt.de\/?page_id=126","title":{"rendered":"ELEONORE \/ K\u00fcstenmotorschiff"},"content":{"rendered":"<p style=\"text-align: justify;\">Auf der Eleonore wollte ich die richtige Seefahrt kennenlernen, von der Pike auf. Vom Sommer 1966 bis zum Mai 1967.<\/p>\n<p style=\"text-align: justify;\">Ich blieb fast neun Monate an Bord und habe in der Nord- und Ostsee und im Irish Channel, alles mitgemacht was das Herz begehrte: Sturm, extreme Schlagseite, schlimmsten Frost, Eisfahrt, im Sommer M\u00fccken, Hitze und eine spitzenm\u00e4\u00dfige Seemannschaft. Vielen Dank &#8222;Eleonore&#8220;.<\/p>\n<p style=\"text-align: justify;\">(Wenn dir im finnischen Winter die Finger samt Arbeitshandschuh fast abfallen wollten vor K\u00e4lte. Wenn du die McStemm vom Scheerstock wuchtestes, und meinstest du k\u00f6nntest nicht mehr, dann verbiss man sich ein &#8222;Ich kann nicht mehr&#8220; und hatte gewonnen. Der Erste der schw\u00e4chelte war der Looser!).<\/p>\n<ul>\n<li><a title=\"Alte Geschichten\" href=\"https:\/\/perlduekkers-seefahrt.de\/?page_id=16\">zur\u00fcck zur \u00dcbersicht<\/a><\/li>\n<\/ul>\n","protected":false},"excerpt":{"rendered":"<p>Auf der Eleonore wollte ich die richtige Seefahrt kennenlernen, von der Pike auf. Vom Sommer 1966 bis zum Mai 1967. Ich blieb fast neun Monate an Bord und habe in der Nord- und Ostsee und im Irish Channel, alles mitgemacht was das Herz begehrte: Sturm, extreme Schlagseite, schlimmsten Frost, Eisfahrt, im Sommer M\u00fccken, Hitze und [&hellip;]<\/p>\n","protected":false},"author":1,"featured_media":0,"parent":16,"menu_order":0,"comment_status":"closed","ping_status":"closed","template":"","meta":[],"_links":{"self":[{"href":"https:\/\/perlduekkers-seefahrt.de\/index.php?rest_route=\/wp\/v2\/pages\/126"}],"collection":[{"href":"https:\/\/perlduekkers-seefahrt.de\/index.php?rest_route=\/wp\/v2\/pages"}],"about":[{"href":"https:\/\/perlduekkers-seefahrt.de\/index.php?rest_route=\/wp\/v2\/types\/page"}],"author":[{"embeddable":true,"href":"https:\/\/perlduekkers-seefahrt.de\/index.php?rest_route=\/wp\/v2\/users\/1"}],"replies":[{"embeddable":true,"href":"https:\/\/perlduekkers-seefahrt.de\/index.php?rest_route=%2Fwp%2Fv2%2Fcomments&post=126"}],"version-history":[{"count":3,"href":"https:\/\/perlduekkers-seefahrt.de\/index.php?rest_route=\/wp\/v2\/pages\/126\/revisions"}],"predecessor-version":[{"id":35595,"href":"https:\/\/perlduekkers-seefahrt.de\/index.php?rest_route=\/wp\/v2\/pages\/126\/revisions\/35595"}],"up":[{"embeddable":true,"href":"https:\/\/perlduekkers-seefahrt.de\/index.php?rest_route=\/wp\/v2\/pages\/16"}],"wp:attachment":[{"href":"https:\/\/perlduekkers-seefahrt.de\/index.php?rest_route=%2Fwp%2Fv2%2Fmedia&parent=126"}],"curies":[{"name":"wp","href":"https:\/\/api.w.org\/{rel}","templated":true}]}}