{"id":122,"date":"2014-06-02T15:58:03","date_gmt":"2014-06-02T15:58:03","guid":{"rendered":"http:\/\/wp.perlduekkers-seefahrt.de\/?page_id=122"},"modified":"2018-06-02T08:52:21","modified_gmt":"2018-06-02T08:52:21","slug":"buchholz-kuestenmotorschiff","status":"publish","type":"page","link":"https:\/\/perlduekkers-seefahrt.de\/?page_id=122","title":{"rendered":"BUCHHOLZ \/ K\u00fcstenmotorschiff"},"content":{"rendered":"<p style=\"text-align: justify;\">K\u00fcmo &#8222;Buchholz&#8220;.<br \/>\nEin sch\u00f6ner K\u00fcmo, ich habe auf den Tag zehn Monate an Bord verbracht. Vom Ende 1969 bis zum Sp\u00e4tsommer 1970. Es war eine knallharte, aber auch sehr sch\u00f6ne Zeit an Bord. Und diese sch\u00f6ne Zeit lebte von der Kameradschaft die an Bord herrschte, diese war einfach klasse.\u00a0Dann war da noch der Landgang, und Landgang gabs reichlich. Ab und zu auch mal ein M\u00e4del f\u00fcr eine K\u00fcstenreise.\u00a0Die Buchholz hatte nat\u00fcrlich, wie sollte es auch anders sein, Klapperdeckel und unhandliche Scheerst\u00f6cke.\u00a0Wieder habe ich einen sehr kalten Winter in der Nord- und Ostsee verbracht.\u00a0Nachdem wir in diesen zehn Monaten die Nord-und Ostsee total abgegrast hatten, verbunden mit vielen tollen Sonnenaufg\u00e4ngen in den Sch\u00e4ren und nat\u00fcrlich auch durchgemachten schwedischen Sommern\u00e4chten, wo es einfach nicht dunkel werden wollte, beschloss ich wieder auf gro\u00dfe Fahrt zu gehen.\u00a0Viel Seemannschaft hatte ich auf diesen beiden K\u00fcmos, der &#8222;Eleonore&#8220; und der &#8222;Buchholz&#8220; gelernt und erfahren und war nun fit f\u00fcr die gro\u00dfe Fahrt.<\/p>\n<ul>\n<li><a title=\"Alte Geschichten\" href=\"https:\/\/perlduekkers-seefahrt.de\/?page_id=16\">zur\u00fcck zur \u00dcbersicht<\/a><\/li>\n<\/ul>\n","protected":false},"excerpt":{"rendered":"<p>K\u00fcmo &#8222;Buchholz&#8220;. Ein sch\u00f6ner K\u00fcmo, ich habe auf den Tag zehn Monate an Bord verbracht. Vom Ende 1969 bis zum Sp\u00e4tsommer 1970. Es war eine knallharte, aber auch sehr sch\u00f6ne Zeit an Bord. Und diese sch\u00f6ne Zeit lebte von der Kameradschaft die an Bord herrschte, diese war einfach klasse.\u00a0Dann war da noch der Landgang, und [&hellip;]<\/p>\n","protected":false},"author":1,"featured_media":0,"parent":16,"menu_order":0,"comment_status":"closed","ping_status":"closed","template":"","meta":[],"_links":{"self":[{"href":"https:\/\/perlduekkers-seefahrt.de\/index.php?rest_route=\/wp\/v2\/pages\/122"}],"collection":[{"href":"https:\/\/perlduekkers-seefahrt.de\/index.php?rest_route=\/wp\/v2\/pages"}],"about":[{"href":"https:\/\/perlduekkers-seefahrt.de\/index.php?rest_route=\/wp\/v2\/types\/page"}],"author":[{"embeddable":true,"href":"https:\/\/perlduekkers-seefahrt.de\/index.php?rest_route=\/wp\/v2\/users\/1"}],"replies":[{"embeddable":true,"href":"https:\/\/perlduekkers-seefahrt.de\/index.php?rest_route=%2Fwp%2Fv2%2Fcomments&post=122"}],"version-history":[{"count":4,"href":"https:\/\/perlduekkers-seefahrt.de\/index.php?rest_route=\/wp\/v2\/pages\/122\/revisions"}],"predecessor-version":[{"id":35593,"href":"https:\/\/perlduekkers-seefahrt.de\/index.php?rest_route=\/wp\/v2\/pages\/122\/revisions\/35593"}],"up":[{"embeddable":true,"href":"https:\/\/perlduekkers-seefahrt.de\/index.php?rest_route=\/wp\/v2\/pages\/16"}],"wp:attachment":[{"href":"https:\/\/perlduekkers-seefahrt.de\/index.php?rest_route=%2Fwp%2Fv2%2Fmedia&parent=122"}],"curies":[{"name":"wp","href":"https:\/\/api.w.org\/{rel}","templated":true}]}}