{"id":1028,"date":"2014-10-22T12:52:06","date_gmt":"2014-10-22T12:52:06","guid":{"rendered":"http:\/\/perlduekkers-seefahrt.de\/?page_id=1028"},"modified":"2014-12-15T13:35:44","modified_gmt":"2014-12-15T13:35:44","slug":"bilder-von-ehemaligen-seeleuten-und-aktiven-ueber-schlecht-wetter","status":"publish","type":"page","link":"https:\/\/perlduekkers-seefahrt.de\/?page_id=1028","title":{"rendered":"SCHLECHT-WETTER!"},"content":{"rendered":"\n\t\t<style type=\"text\/css\">\n\t\t\t#gallery-1 {\n\t\t\t\tmargin: auto;\n\t\t\t}\n\t\t\t#gallery-1 .gallery-item {\n\t\t\t\tfloat: left;\n\t\t\t\tmargin-top: 10px;\n\t\t\t\ttext-align: center;\n\t\t\t\twidth: 50%;\n\t\t\t}\n\t\t\t#gallery-1 img {\n\t\t\t\tborder: 2px solid #cfcfcf;\n\t\t\t}\n\t\t\t#gallery-1 .gallery-caption {\n\t\t\t\tmargin-left: 0;\n\t\t\t}\n\t\t\t\/* see gallery_shortcode() in wp-includes\/media.php *\/\n\t\t<\/style>\n\t\t<div id='gallery-1' class='gallery galleryid-1028 gallery-columns-2 gallery-size-thumbnail'><dl class='gallery-item'>\n\t\t\t<dt class='gallery-icon landscape'>\n\t\t\t\t<a href='https:\/\/perlduekkers-seefahrt.de\/wp-content\/uploads\/2014\/10\/luxemburg-nordatlantik.jpg'><img width=\"150\" height=\"150\" src=\"https:\/\/perlduekkers-seefahrt.de\/wp-content\/uploads\/2014\/10\/luxemburg-nordatlantik-150x150.jpg\" class=\"attachment-thumbnail size-thumbnail\" alt=\"\" loading=\"lazy\" aria-describedby=\"gallery-1-1316\" \/><\/a>\n\t\t\t<\/dt>\n\t\t\t\t<dd class='wp-caption-text gallery-caption' id='gallery-1-1316'>\n\t\t\t\tDie &#8222;Luxemburg&#8220; im Nordatlantik.\nU.S.\n\t\t\t\t<\/dd><\/dl><dl class='gallery-item'>\n\t\t\t<dt class='gallery-icon portrait'>\n\t\t\t\t<a href='https:\/\/perlduekkers-seefahrt.de\/wp-content\/uploads\/2014\/10\/imageNordatlantik-1955.jpg'><img width=\"150\" height=\"150\" src=\"https:\/\/perlduekkers-seefahrt.de\/wp-content\/uploads\/2014\/10\/imageNordatlantik-1955-150x150.jpg\" class=\"attachment-thumbnail size-thumbnail\" alt=\"\" loading=\"lazy\" aria-describedby=\"gallery-1-1307\" \/><\/a>\n\t\t\t<\/dt>\n\t\t\t\t<dd class='wp-caption-text gallery-caption' id='gallery-1-1307'>\n\t\t\t\tNordatlantik 1955. Eine schlecht Wetter Serie aufgenommen von Detlef K.\n\t\t\t\t<\/dd><\/dl><br style=\"clear: both\" \/><dl class='gallery-item'>\n\t\t\t<dt class='gallery-icon landscape'>\n\t\t\t\t<a href='https:\/\/perlduekkers-seefahrt.de\/wp-content\/uploads\/2014\/10\/jue-schnue-002.jpg'><img width=\"150\" height=\"150\" src=\"https:\/\/perlduekkers-seefahrt.de\/wp-content\/uploads\/2014\/10\/jue-schnue-002-150x150.jpg\" class=\"attachment-thumbnail size-thumbnail\" alt=\"\" loading=\"lazy\" aria-describedby=\"gallery-1-1030\" \/><\/a>\n\t\t\t<\/dt>\n\t\t\t\t<dd class='wp-caption-text gallery-caption' id='gallery-1-1030'>\n\t\t\t\tEtwas unruhige See, aber es scheint sich etwas anzubahnen.\n(C) jue-schnue\n\t\t\t\t<\/dd><\/dl><dl class='gallery-item'>\n\t\t\t<dt class='gallery-icon portrait'>\n\t\t\t\t<a href='https:\/\/perlduekkers-seefahrt.de\/wp-content\/uploads\/2014\/10\/richard_kaselowsky_im_sturm_vom_funker_fotografiert_190_2_176.jpg'><img width=\"150\" height=\"150\" src=\"https:\/\/perlduekkers-seefahrt.de\/wp-content\/uploads\/2014\/10\/richard_kaselowsky_im_sturm_vom_funker_fotografiert_190_2_176-150x150.jpg\" class=\"attachment-thumbnail size-thumbnail\" alt=\"\" loading=\"lazy\" aria-describedby=\"gallery-1-1257\" \/><\/a>\n\t\t\t<\/dt>\n\t\t\t\t<dd class='wp-caption-text gallery-caption' id='gallery-1-1257'>\n\t\t\t\t&#8222;Richard Kaselowsky&#8220; im Sturm,\naufgenommen vom Funker.\nU.S.\n\t\t\t\t<\/dd><\/dl><br style=\"clear: both\" \/><dl class='gallery-item'>\n\t\t\t<dt class='gallery-icon landscape'>\n\t\t\t\t<a href='https:\/\/perlduekkers-seefahrt.de\/wp-content\/uploads\/2014\/10\/jue-schnue.jpg'><img width=\"150\" height=\"150\" src=\"https:\/\/perlduekkers-seefahrt.de\/wp-content\/uploads\/2014\/10\/jue-schnue-150x150.jpg\" class=\"attachment-thumbnail size-thumbnail\" alt=\"\" loading=\"lazy\" aria-describedby=\"gallery-1-1054\" \/><\/a>\n\t\t\t<\/dt>\n\t\t\t\t<dd class='wp-caption-text gallery-caption' id='gallery-1-1054'>\n\t\t\t\tEin Wellental, die See direkt von Vorn und schon laufen die Brecher \u00fcber die Back.\n(C) jue-scnue\n\t\t\t\t<\/dd><\/dl><dl class='gallery-item'>\n\t\t\t<dt class='gallery-icon landscape'>\n\t\t\t\t<a href='https:\/\/perlduekkers-seefahrt.de\/wp-content\/uploads\/2014\/10\/jue-schnue-003.jpg'><img width=\"150\" height=\"150\" src=\"https:\/\/perlduekkers-seefahrt.de\/wp-content\/uploads\/2014\/10\/jue-schnue-003-150x150.jpg\" class=\"attachment-thumbnail size-thumbnail\" alt=\"\" loading=\"lazy\" aria-describedby=\"gallery-1-1031\" \/><\/a>\n\t\t\t<\/dt>\n\t\t\t\t<dd class='wp-caption-text gallery-caption' id='gallery-1-1031'>\n\t\t\t\tDie Gischt der \u00fcberkommenden Brecher nimmt zu.\n(C) jue-schnue\n\t\t\t\t<\/dd><\/dl><br style=\"clear: both\" \/><dl class='gallery-item'>\n\t\t\t<dt class='gallery-icon landscape'>\n\t\t\t\t<a href='https:\/\/perlduekkers-seefahrt.de\/wp-content\/uploads\/2014\/10\/anita-schlecht-wetter.jpg'><img width=\"150\" height=\"150\" src=\"https:\/\/perlduekkers-seefahrt.de\/wp-content\/uploads\/2014\/10\/anita-schlecht-wetter-150x150.jpg\" class=\"attachment-thumbnail size-thumbnail\" alt=\"\" loading=\"lazy\" aria-describedby=\"gallery-1-1305\" \/><\/a>\n\t\t\t<\/dt>\n\t\t\t\t<dd class='wp-caption-text gallery-caption' id='gallery-1-1305'>\n\t\t\t\t1970 &#8222;Anita&#8220; schlecht Wetter kommt auf.\n&#8222;horkini&#8220;\n\t\t\t\t<\/dd><\/dl><dl class='gallery-item'>\n\t\t\t<dt class='gallery-icon landscape'>\n\t\t\t\t<a href='https:\/\/perlduekkers-seefahrt.de\/wp-content\/uploads\/2014\/10\/esso_hamburg_205.jpg'><img width=\"150\" height=\"150\" src=\"https:\/\/perlduekkers-seefahrt.de\/wp-content\/uploads\/2014\/10\/esso_hamburg_205-150x150.jpg\" class=\"attachment-thumbnail size-thumbnail\" alt=\"\" loading=\"lazy\" aria-describedby=\"gallery-1-1194\" \/><\/a>\n\t\t\t<\/dt>\n\t\t\t\t<dd class='wp-caption-text gallery-caption' id='gallery-1-1194'>\n\t\t\t\t&#8222;Esso Hamburg&#8220; sehr ungem\u00fctliche Wetterlage auf der H\u00f6he der Azoren.\n(C) U.Schw.\n\t\t\t\t<\/dd><\/dl><br style=\"clear: both\" \/><dl class='gallery-item'>\n\t\t\t<dt class='gallery-icon portrait'>\n\t\t\t\t<a href='https:\/\/perlduekkers-seefahrt.de\/wp-content\/uploads\/2014\/10\/1_kurs_ostasien_169.jpg'><img width=\"150\" height=\"150\" src=\"https:\/\/perlduekkers-seefahrt.de\/wp-content\/uploads\/2014\/10\/1_kurs_ostasien_169-150x150.jpg\" class=\"attachment-thumbnail size-thumbnail\" alt=\"\" loading=\"lazy\" aria-describedby=\"gallery-1-1114\" \/><\/a>\n\t\t\t<\/dt>\n\t\t\t\t<dd class='wp-caption-text gallery-caption' id='gallery-1-1114'>\n\t\t\t\t&#8222;Alemannia&#8220; 1972 ein modernes Frachtschiff \n\nder IA-Klasse von Hapag.\nHier auf derr Reise nach Fernost durchquert\n sie die Biscaya und nimmt ein klein wenig Spritzwasser.\n\nMan achte auch auf das St\u00fcckgut, mit dem das Hauptdeck vollgestaut ist.\n(C)  by H.Kobor\n\t\t\t\t<\/dd><\/dl><dl class='gallery-item'>\n\t\t\t<dt class='gallery-icon landscape'>\n\t\t\t\t<a href='https:\/\/perlduekkers-seefahrt.de\/wp-content\/uploads\/2014\/10\/esso_tanker_manhattan_1974_286.jpg'><img width=\"150\" height=\"150\" src=\"https:\/\/perlduekkers-seefahrt.de\/wp-content\/uploads\/2014\/10\/esso_tanker_manhattan_1974_286-150x150.jpg\" class=\"attachment-thumbnail size-thumbnail\" alt=\"\" loading=\"lazy\" aria-describedby=\"gallery-1-1174\" \/><\/a>\n\t\t\t<\/dt>\n\t\t\t\t<dd class='wp-caption-text gallery-caption' id='gallery-1-1174'>\n\t\t\t\tEsso Tanker &#8222;MANHATTAN&#8220;, 1974, Eisfahrt.\nHier einmal etwas gefrorenes Wasser!\n(C) Guenter Wilhelm\n\t\t\t\t<\/dd><\/dl><br style=\"clear: both\" \/><dl class='gallery-item'>\n\t\t\t<dt class='gallery-icon landscape'>\n\t\t\t\t<a href='https:\/\/perlduekkers-seefahrt.de\/wp-content\/uploads\/2014\/10\/10_1731.jpg'><img width=\"150\" height=\"150\" src=\"https:\/\/perlduekkers-seefahrt.de\/wp-content\/uploads\/2014\/10\/10_1731-150x150.jpg\" class=\"attachment-thumbnail size-thumbnail\" alt=\"\" loading=\"lazy\" aria-describedby=\"gallery-1-1171\" \/><\/a>\n\t\t\t<\/dt>\n\t\t\t\t<dd class='wp-caption-text gallery-caption' id='gallery-1-1171'>\n\t\t\t\tHier noch einige schlecht Wetter Bilder von der &#8222;Bavaria&#8220;\n(C)  H. Kobor\n\t\t\t\t<\/dd><\/dl><dl class='gallery-item'>\n\t\t\t<dt class='gallery-icon landscape'>\n\t\t\t\t<a href='https:\/\/perlduekkers-seefahrt.de\/wp-content\/uploads\/2014\/10\/12_131.jpg'><img width=\"150\" height=\"150\" src=\"https:\/\/perlduekkers-seefahrt.de\/wp-content\/uploads\/2014\/10\/12_131-150x150.jpg\" class=\"attachment-thumbnail size-thumbnail\" alt=\"\" loading=\"lazy\" aria-describedby=\"gallery-1-1167\" \/><\/a>\n\t\t\t<\/dt>\n\t\t\t\t<dd class='wp-caption-text gallery-caption' id='gallery-1-1167'>\n\t\t\t\tDas Spritzwasser h\u00fcllt das Vorschiff f\u00fcr Sekunden in einen Mantel aus Salzwasserdunst. \n(C) H. Kobor\n\t\t\t\t<\/dd><\/dl><br style=\"clear: both\" \/><dl class='gallery-item'>\n\t\t\t<dt class='gallery-icon landscape'>\n\t\t\t\t<a href='https:\/\/perlduekkers-seefahrt.de\/wp-content\/uploads\/2014\/10\/berlin_auf_see_4_149.jpg'><img width=\"150\" height=\"150\" src=\"https:\/\/perlduekkers-seefahrt.de\/wp-content\/uploads\/2014\/10\/berlin_auf_see_4_149-150x150.jpg\" class=\"attachment-thumbnail size-thumbnail\" alt=\"\" loading=\"lazy\" aria-describedby=\"gallery-1-1111\" \/><\/a>\n\t\t\t<\/dt>\n\t\t\t\t<dd class='wp-caption-text gallery-caption' id='gallery-1-1111'>\n\t\t\t\t&#8222;Esso Berlin&#8220; 1967, es scheint etwas ungem\u00fctlich zu werden. Rasmus schickt sich an die Gurkenallee zum Achterschiff zu \u00fcbersp\u00fclen.\n(C) ha.\n\t\t\t\t<\/dd><\/dl><dl class='gallery-item'>\n\t\t\t<dt class='gallery-icon landscape'>\n\t\t\t\t<a href='https:\/\/perlduekkers-seefahrt.de\/wp-content\/uploads\/2014\/10\/11_172.jpg'><img width=\"150\" height=\"150\" src=\"https:\/\/perlduekkers-seefahrt.de\/wp-content\/uploads\/2014\/10\/11_172-150x150.jpg\" class=\"attachment-thumbnail size-thumbnail\" alt=\"\" loading=\"lazy\" aria-describedby=\"gallery-1-1166\" \/><\/a>\n\t\t\t<\/dt>\n\t\t\t\t<dd class='wp-caption-text gallery-caption' id='gallery-1-1166'>\n\t\t\t\tDie &#8222;Bavaria&#8220; von Hapag in schwerem Wetter aber dieses solide Baureihe hatte keine Probleme.\n(C) H. Kobor\n\t\t\t\t<\/dd><\/dl><br style=\"clear: both\" \/><dl class='gallery-item'>\n\t\t\t<dt class='gallery-icon landscape'>\n\t\t\t\t<a href='https:\/\/perlduekkers-seefahrt.de\/wp-content\/uploads\/2014\/10\/09_146.jpg'><img width=\"150\" height=\"150\" src=\"https:\/\/perlduekkers-seefahrt.de\/wp-content\/uploads\/2014\/10\/09_146-150x150.jpg\" class=\"attachment-thumbnail size-thumbnail\" alt=\"\" loading=\"lazy\" aria-describedby=\"gallery-1-1164\" \/><\/a>\n\t\t\t<\/dt>\n\t\t\t\t<dd class='wp-caption-text gallery-caption' id='gallery-1-1164'>\n\t\t\t\t&#8222;Bavaria&#8220; Hapag, schlecht Wetter.\n(C) H. Kobor\n\t\t\t\t<\/dd><\/dl><dl class='gallery-item'>\n\t\t\t<dt class='gallery-icon landscape'>\n\t\t\t\t<a href='https:\/\/perlduekkers-seefahrt.de\/wp-content\/uploads\/2014\/10\/esso_hamburg_bei_aparagraphores_158.jpg'><img width=\"150\" height=\"150\" src=\"https:\/\/perlduekkers-seefahrt.de\/wp-content\/uploads\/2014\/10\/esso_hamburg_bei_aparagraphores_158-150x150.jpg\" class=\"attachment-thumbnail size-thumbnail\" alt=\"\" loading=\"lazy\" aria-describedby=\"gallery-1-1195\" \/><\/a>\n\t\t\t<\/dt>\n\t\t\t\t<dd class='wp-caption-text gallery-caption' id='gallery-1-1195'>\n\t\t\t\t&#8222;Esso Hamburg&#8220; 1968 auf der H\u00f6he der Azoren.\nAlles recht ungem\u00fctlich.\n(C) U.Schwa.\n\t\t\t\t<\/dd><\/dl><br style=\"clear: both\" \/><dl class='gallery-item'>\n\t\t\t<dt class='gallery-icon landscape'>\n\t\t\t\t<a href='https:\/\/perlduekkers-seefahrt.de\/wp-content\/uploads\/2014\/10\/th_seegang_1a_466.jpg'><img width=\"150\" height=\"150\" src=\"https:\/\/perlduekkers-seefahrt.de\/wp-content\/uploads\/2014\/10\/th_seegang_1a_466-150x150.jpg\" class=\"attachment-thumbnail size-thumbnail\" alt=\"\" loading=\"lazy\" aria-describedby=\"gallery-1-1192\" \/><\/a>\n\t\t\t<\/dt>\n\t\t\t\t<dd class='wp-caption-text gallery-caption' id='gallery-1-1192'>\n\t\t\t\tDie See ist hier schon ordentlich bewegt und die Rollperiode wird wohl beinahe ausgenutzt.\n(C) U.S.\n\t\t\t\t<\/dd><\/dl><dl class='gallery-item'>\n\t\t\t<dt class='gallery-icon landscape'>\n\t\t\t\t<a href='https:\/\/perlduekkers-seefahrt.de\/wp-content\/uploads\/2014\/10\/Frame-31A-WEb.jpg'><img width=\"150\" height=\"150\" src=\"https:\/\/perlduekkers-seefahrt.de\/wp-content\/uploads\/2014\/10\/Frame-31A-WEb-150x150.jpg\" class=\"attachment-thumbnail size-thumbnail\" alt=\"\" loading=\"lazy\" aria-describedby=\"gallery-1-1198\" \/><\/a>\n\t\t\t<\/dt>\n\t\t\t\t<dd class='wp-caption-text gallery-caption' id='gallery-1-1198'>\n\t\t\t\t&#8222;Stolt Surf&#8220; 1977 North Pazifik. Nun nimmt der Sturm allm\u00e4hlich Formen an.\nAlle Bullaugen sind bereits seit einiger Zeit mit den Panzerblenden gesichert.\n(C) Karsten Petersen.\n\n\t\t\t\t<\/dd><\/dl><br style=\"clear: both\" \/><dl class='gallery-item'>\n\t\t\t<dt class='gallery-icon landscape'>\n\t\t\t\t<a href='https:\/\/perlduekkers-seefahrt.de\/wp-content\/uploads\/2014\/10\/1977-11-066-Web-Waves.jpg'><img width=\"150\" height=\"150\" src=\"https:\/\/perlduekkers-seefahrt.de\/wp-content\/uploads\/2014\/10\/1977-11-066-Web-Waves-150x150.jpg\" class=\"attachment-thumbnail size-thumbnail\" alt=\"\" loading=\"lazy\" aria-describedby=\"gallery-1-1279\" \/><\/a>\n\t\t\t<\/dt>\n\t\t\t\t<dd class='wp-caption-text gallery-caption' id='gallery-1-1279'>\n\t\t\t\t&#8222;Stolt Surf&#8220; 1977 im Pazifik. Der Sturm gewinnt an St\u00e4rke.\n(C) Karsten Petersen.\n\t\t\t\t<\/dd><\/dl><dl class='gallery-item'>\n\t\t\t<dt class='gallery-icon landscape'>\n\t\t\t\t<a href='https:\/\/perlduekkers-seefahrt.de\/wp-content\/uploads\/2014\/10\/1977-11-072-Web-TheStorm.jpg'><img width=\"150\" height=\"150\" src=\"https:\/\/perlduekkers-seefahrt.de\/wp-content\/uploads\/2014\/10\/1977-11-072-Web-TheStorm-150x150.jpg\" class=\"attachment-thumbnail size-thumbnail\" alt=\"\" loading=\"lazy\" aria-describedby=\"gallery-1-1280\" \/><\/a>\n\t\t\t<\/dt>\n\t\t\t\t<dd class='wp-caption-text gallery-caption' id='gallery-1-1280'>\n\t\t\t\t&#8222;Stolt Surf&#8220; 1977 im Pazifik. Die achterliche See droht das Hauptdeck zu \u00fcberlaufen.\n(C) Karsten Petersen.\nU.S.\n\t\t\t\t<\/dd><\/dl><br style=\"clear: both\" \/><dl class='gallery-item'>\n\t\t\t<dt class='gallery-icon landscape'>\n\t\t\t\t<a href='https:\/\/perlduekkers-seefahrt.de\/wp-content\/uploads\/2014\/10\/StoltSurfFrame-24-WEb.jpg'><img width=\"150\" height=\"150\" src=\"https:\/\/perlduekkers-seefahrt.de\/wp-content\/uploads\/2014\/10\/StoltSurfFrame-24-WEb-150x150.jpg\" class=\"attachment-thumbnail size-thumbnail\" alt=\"\" loading=\"lazy\" aria-describedby=\"gallery-1-1258\" \/><\/a>\n\t\t\t<\/dt>\n\t\t\t\t<dd class='wp-caption-text gallery-caption' id='gallery-1-1258'>\n\t\t\t\t&#8222;Stolt Surf&#8220; 1977 im North Pazifik in einem Super Sturmtief mit Wellen bis zu 22 Metern H\u00f6he. (C) Karsten Petersen.\n\n\t\t\t\t<\/dd><\/dl><dl class='gallery-item'>\n\t\t\t<dt class='gallery-icon landscape'>\n\t\t\t\t<a href='https:\/\/perlduekkers-seefahrt.de\/wp-content\/uploads\/2014\/10\/TheStorm-2-Frame-4A-Web-Off.jpg'><img width=\"150\" height=\"150\" src=\"https:\/\/perlduekkers-seefahrt.de\/wp-content\/uploads\/2014\/10\/TheStorm-2-Frame-4A-Web-Off-150x150.jpg\" class=\"attachment-thumbnail size-thumbnail\" alt=\"\" loading=\"lazy\" aria-describedby=\"gallery-1-1259\" \/><\/a>\n\t\t\t<\/dt>\n\t\t\t\t<dd class='wp-caption-text gallery-caption' id='gallery-1-1259'>\n\t\t\t\t&#8222;StoltSurf&#8220; 1977 Der Sturm.\nUnd so sah es in den Aufbauten aus.\n(C) Karsten Petersen.\n\t\t\t\t<\/dd><\/dl><br style=\"clear: both\" \/><dl class='gallery-item'>\n\t\t\t<dt class='gallery-icon landscape'>\n\t\t\t\t<a href='https:\/\/perlduekkers-seefahrt.de\/wp-content\/uploads\/2014\/10\/1977-SurfBox-37-Web.jpg'><img width=\"150\" height=\"150\" src=\"https:\/\/perlduekkers-seefahrt.de\/wp-content\/uploads\/2014\/10\/1977-SurfBox-37-Web-150x150.jpg\" class=\"attachment-thumbnail size-thumbnail\" alt=\"\" loading=\"lazy\" aria-describedby=\"gallery-1-1281\" \/><\/a>\n\t\t\t<\/dt>\n\t\t\t\t<dd class='wp-caption-text gallery-caption' id='gallery-1-1281'>\n\t\t\t\t&#8222;Stolt Surf&#8220; 1977 North  Pazifik. Erste Sch\u00e4den wurden dokumentiert von (C) Karsten Petersen.\nU.S.\n\t\t\t\t<\/dd><\/dl>\n\t\t\t<br style='clear: both' \/>\n\t\t<\/div>\n\n<p>&nbsp;<\/p>\n<p>&nbsp;<\/p>\n<p>&nbsp;<\/p>\n<p style=\"text-align: left;\">Bilder von ehemaligen Seeleuten und Aktiven \u00fcber &#8222;SCHLECHT-WETTER!&#8220;<\/p>\n<p style=\"text-align: left;\">\n","protected":false},"excerpt":{"rendered":"<p>&nbsp; &nbsp; &nbsp; Bilder von ehemaligen Seeleuten und Aktiven \u00fcber &#8222;SCHLECHT-WETTER!&#8220;<\/p>\n","protected":false},"author":1,"featured_media":0,"parent":0,"menu_order":1,"comment_status":"closed","ping_status":"open","template":"","meta":[],"_links":{"self":[{"href":"https:\/\/perlduekkers-seefahrt.de\/index.php?rest_route=\/wp\/v2\/pages\/1028"}],"collection":[{"href":"https:\/\/perlduekkers-seefahrt.de\/index.php?rest_route=\/wp\/v2\/pages"}],"about":[{"href":"https:\/\/perlduekkers-seefahrt.de\/index.php?rest_route=\/wp\/v2\/types\/page"}],"author":[{"embeddable":true,"href":"https:\/\/perlduekkers-seefahrt.de\/index.php?rest_route=\/wp\/v2\/users\/1"}],"replies":[{"embeddable":true,"href":"https:\/\/perlduekkers-seefahrt.de\/index.php?rest_route=%2Fwp%2Fv2%2Fcomments&post=1028"}],"version-history":[{"count":37,"href":"https:\/\/perlduekkers-seefahrt.de\/index.php?rest_route=\/wp\/v2\/pages\/1028\/revisions"}],"predecessor-version":[{"id":1317,"href":"https:\/\/perlduekkers-seefahrt.de\/index.php?rest_route=\/wp\/v2\/pages\/1028\/revisions\/1317"}],"wp:attachment":[{"href":"https:\/\/perlduekkers-seefahrt.de\/index.php?rest_route=%2Fwp%2Fv2%2Fmedia&parent=1028"}],"curies":[{"name":"wp","href":"https:\/\/api.w.org\/{rel}","templated":true}]}}